{"id":1829,"date":"2023-05-22T13:52:28","date_gmt":"2023-05-22T13:52:28","guid":{"rendered":"https:\/\/visiontecsystems.com\/?page_id=1829"},"modified":"2023-07-19T11:06:42","modified_gmt":"2023-07-19T11:06:42","slug":"industries-we-serve","status":"publish","type":"page","link":"https:\/\/visiontecsystems.com\/fr\/industries-we-serve\/","title":{"rendered":"Industries que nous servons"},"content":{"rendered":"<div class=\"vc_row wpb_row vc_row-fluid vc_custom_1689764800195\"><div class=\"wpb_column vc_column_container vc_col-sm-12\"><div class=\"vc_column-inner\"><div class=\"wpb_wrapper\"><div id=\"ultimate-heading-668369d4ca384002e\" class=\"uvc-heading ult-adjust-bottom-margin ultimate-heading-668369d4ca384002e uvc-7698\" data-hspacer=\"no_spacer\"  data-halign=\"center\" style=\"text-align:center\"><div class=\"uvc-heading-spacer no_spacer\" style=\"top\"><\/div><div class=\"uvc-main-heading ult-responsive\"  data-ultimate-target='.uvc-heading.ultimate-heading-668369d4ca384002e h3'  data-responsive-json-new='{\"font-size\":\"\",\"line-height\":\"\"}' ><h3 style=\"font-weight:normal;margin-bottom:30px;\">Nous comprenons vos pr\u00e9occupations sp\u00e9cifiques en mati\u00e8re de s\u00e9curit\u00e9<\/h3><\/div><\/div>\n\t<div class=\"wpb_text_column wpb_content_element\" >\n\t\t<div class=\"wpb_wrapper\">\n\t\t\t<p style=\"text-align: center;\">La protection d'un b\u00e2timent contre un engin explosif est tr\u00e8s diff\u00e9rente de la protection du personnel contre les mati\u00e8res dangereuses.<\/p>\n<p style=\"text-align: center;\">Qu'il s'agisse de la premi\u00e8re intervention, de l'arm\u00e9e, des douanes, des infrastructures critiques ou des forces de police, nous pouvons mettre au point le meilleur syst\u00e8me de s\u00e9curit\u00e9 pour vous.<\/p>\n\n\t\t<\/div>\n\t<\/div>\n<\/div><\/div><\/div><\/div><div class=\"vc_row wpb_row vc_row-fluid\"><div class=\"wpb_column vc_column_container vc_col-sm-12\"><div class=\"vc_column-inner\"><div class=\"wpb_wrapper\">          \n          <div class=\"threecol\">\n                          \n              <div class=\"col-lg-4 col-md-4 col-sm-6 col-xs-12 sell_services\">\n                            <div>\n                  <div class=\"service_wrapper\">\n                      <a href=\"https:\/\/visiontecsystems.com\/fr\/industry\/cbrn-hazmat\/\" class=\"ico\"><img decoding=\"async\" src=\"https:\/\/visiontecsystems.com\/wp-content\/uploads\/2016\/05\/investigator-1-2.png\" alt=\"CBRN &#038; HazMat\"><\/a>                      <h5><a href=\"https:\/\/visiontecsystems.com\/fr\/industry\/cbrn-hazmat\/\">CBRN et HazMat<\/a><\/h5>\n                      <p>Une gamme compl\u00e8te de produits CBRNE, HazMat et d'intervention d'urgence, allant de la d\u00e9tection, l'identification et la mesure \u00e0 la d\u00e9contamination, l'\u00e9quipement de protection et le soutien tactique.<\/p>\n                      <a href=\"https:\/\/visiontecsystems.com\/fr\/industry\/cbrn-hazmat\/\" class=\"more\">En savoir plus <i class=\"fas fa-arrow-right\"><\/i><\/a>\n                  <\/div>\n                  <div class=\"entry-thumbnail\"><img loading=\"lazy\" decoding=\"async\" width=\"600\" height=\"220\" src=\"https:\/\/visiontecsystems.com\/wp-content\/uploads\/2023\/05\/banners-cbrne-600x220.jpg\" class=\"attachment-theguard_services size-theguard_services wp-post-image\" alt=\"\" \/>                  <\/div>\n              <\/div>\n  \n                            <\/div>\n  \n                          \n              <div class=\"col-lg-4 col-md-4 col-sm-6 col-xs-12 sell_services\">\n                                <div>\n                  <div class=\"entry-thumbnail\"><img loading=\"lazy\" decoding=\"async\" width=\"600\" height=\"220\" src=\"https:\/\/visiontecsystems.com\/wp-content\/uploads\/2023\/05\/banners-facility-security-600x220.jpg\" class=\"attachment-theguard_services size-theguard_services wp-post-image\" alt=\"\" \/>                  <\/div>\n                  <div class=\"service_wrapper\">\n                      <a href=\"https:\/\/visiontecsystems.com\/fr\/industry\/infrastructure-loss-protection\/\" class=\"ico\"><img decoding=\"async\" src=\"https:\/\/visiontecsystems.com\/wp-content\/uploads\/2016\/05\/investigator-1-2.png\" alt=\"Infrastructure &#038; Loss Protection\"><\/a>                      <h5><a href=\"https:\/\/visiontecsystems.com\/fr\/industry\/infrastructure-loss-protection\/\">Infrastructure et protection contre les pertes<\/a><\/h5>\n                      <p>Des solutions de s\u00e9curit\u00e9 compl\u00e8tes pour prot\u00e9ger les infrastructures et les institutions critiques contre toute une s\u00e9rie de menaces.<\/p>\n                      <a href=\"https:\/\/visiontecsystems.com\/fr\/industry\/infrastructure-loss-protection\/\" class=\"more\">En savoir plus <i class=\"fas fa-arrow-right\"><\/i><\/a>\n                  <\/div>\n                  <\/div>\n                            <\/div>\n  \n                          \n              <div class=\"col-lg-4 col-md-4 col-sm-6 col-xs-12 sell_services\">\n                            <div>\n                  <div class=\"service_wrapper\">\n                      <a href=\"https:\/\/visiontecsystems.com\/fr\/industry\/explosive-narcotics-detection\/\" class=\"ico\"><img decoding=\"async\" src=\"https:\/\/visiontecsystems.com\/wp-content\/uploads\/2016\/05\/investigator-2.png\" alt=\"Explosive &#038; Narcotics Detection\"><\/a>                      <h5><a href=\"https:\/\/visiontecsystems.com\/fr\/industry\/explosive-narcotics-detection\/\">D\u00e9tection d'explosifs et de stup\u00e9fiants<\/a><\/h5>\n                      <p>R\u00e9duisez vos risques gr\u00e2ce \u00e0 des syst\u00e8mes de d\u00e9tection de traces d'explosifs et de stup\u00e9fiants rapides et pr\u00e9cis, adapt\u00e9s \u00e0 tout environnement de haute s\u00e9curit\u00e9.<\/p>\n                      <a href=\"https:\/\/visiontecsystems.com\/fr\/industry\/explosive-narcotics-detection\/\" class=\"more\">En savoir plus <i class=\"fas fa-arrow-right\"><\/i><\/a>\n                  <\/div>\n                  <div class=\"entry-thumbnail\"><img loading=\"lazy\" decoding=\"async\" width=\"600\" height=\"220\" src=\"https:\/\/visiontecsystems.com\/wp-content\/uploads\/2023\/05\/banners-eod-600x220.jpg\" class=\"attachment-theguard_services size-theguard_services wp-post-image\" alt=\"\" \/>                  <\/div>\n              <\/div>\n  \n                            <\/div>\n  \n                          \n              <div class=\"col-lg-4 col-md-4 col-sm-6 col-xs-12 sell_services\">\n                                <div>\n                  <div class=\"entry-thumbnail\"><img loading=\"lazy\" decoding=\"async\" width=\"600\" height=\"219\" src=\"https:\/\/visiontecsystems.com\/wp-content\/uploads\/2023\/05\/unmanned-ground-systems-600x219.png\" class=\"attachment-theguard_services size-theguard_services wp-post-image\" alt=\"\" \/>                  <\/div>\n                  <div class=\"service_wrapper\">\n                      <a href=\"https:\/\/visiontecsystems.com\/fr\/industry\/unmanned-systems\/\" class=\"ico\"><img decoding=\"async\" src=\"https:\/\/visiontecsystems.com\/wp-content\/uploads\/2016\/05\/investigator-2.png\" alt=\"Unmanned Systems\"><\/a>                      <h5><a href=\"https:\/\/visiontecsystems.com\/fr\/industry\/unmanned-systems\/\">Syst\u00e8mes sans pilote<\/a><\/h5>\n                      <p>Les syst\u00e8mes sans pilote qui permettent aux op\u00e9rateurs de maintenir des distances de s\u00e9curit\u00e9 plus importantes.<\/p>\n                      <a href=\"https:\/\/visiontecsystems.com\/fr\/industry\/unmanned-systems\/\" class=\"more\">En savoir plus <i class=\"fas fa-arrow-right\"><\/i><\/a>\n                  <\/div>\n                  <\/div>\n                            <\/div>\n  \n                    <\/div>\n      <\/div><!-- #content -->\n  \n                  \n\t<div class=\"wpb_text_column wpb_content_element\" >\n\t\t<div class=\"wpb_wrapper\">\n\t\t\t\n\n\t\t<\/div>\n\t<\/div>\n<\/div><\/div><\/div><\/div>","protected":false},"excerpt":{"rendered":"<\/p>","protected":false},"author":1,"featured_media":2409,"parent":0,"menu_order":0,"comment_status":"closed","ping_status":"closed","template":"","meta":{"_acf_changed":false,"footnotes":""},"class_list":["post-1829","page","type-page","status-publish","has-post-thumbnail","hentry"],"acf":[],"yoast_head":"<!-- This site is optimized with the Yoast SEO plugin v27.3 - https:\/\/yoast.com\/product\/yoast-seo-wordpress\/ -->\n<title>Industries We Serve - Visiontec Systems<\/title>\n<meta name=\"robots\" content=\"index, follow, max-snippet:-1, max-image-preview:large, max-video-preview:-1\" \/>\n<link rel=\"canonical\" href=\"https:\/\/visiontecsystems.com\/fr\/industries-we-serve\/\" \/>\n<meta property=\"og:locale\" content=\"fr_FR\" \/>\n<meta property=\"og:type\" content=\"article\" \/>\n<meta property=\"og:title\" content=\"Industries We Serve - Visiontec Systems\" \/>\n<meta property=\"og:url\" content=\"https:\/\/visiontecsystems.com\/fr\/industries-we-serve\/\" \/>\n<meta property=\"og:site_name\" content=\"Visiontec Systems\" \/>\n<meta property=\"article:modified_time\" content=\"2023-07-19T11:06:42+00:00\" \/>\n<meta name=\"twitter:card\" content=\"summary_large_image\" \/>\n<meta name=\"twitter:label1\" content=\"Dur\u00e9e de lecture estim\u00e9e\" \/>\n\t<meta name=\"twitter:data1\" content=\"1 minute\" \/>\n<script type=\"application\/ld+json\" class=\"yoast-schema-graph\">{\"@context\":\"https:\\\/\\\/schema.org\",\"@graph\":[{\"@type\":\"WebPage\",\"@id\":\"https:\\\/\\\/visiontecsystems.com\\\/industries-we-serve\\\/\",\"url\":\"https:\\\/\\\/visiontecsystems.com\\\/industries-we-serve\\\/\",\"name\":\"Industries We Serve - Visiontec Systems\",\"isPartOf\":{\"@id\":\"https:\\\/\\\/visiontecsystems.com\\\/#website\"},\"primaryImageOfPage\":{\"@id\":\"https:\\\/\\\/visiontecsystems.com\\\/industries-we-serve\\\/#primaryimage\"},\"image\":{\"@id\":\"https:\\\/\\\/visiontecsystems.com\\\/industries-we-serve\\\/#primaryimage\"},\"thumbnailUrl\":\"https:\\\/\\\/visiontecsystems.com\\\/wp-content\\\/uploads\\\/2023\\\/06\\\/banners-firemen-1.jpg\",\"datePublished\":\"2023-05-22T13:52:28+00:00\",\"dateModified\":\"2023-07-19T11:06:42+00:00\",\"breadcrumb\":{\"@id\":\"https:\\\/\\\/visiontecsystems.com\\\/industries-we-serve\\\/#breadcrumb\"},\"inLanguage\":\"fr-FR\",\"potentialAction\":[{\"@type\":\"ReadAction\",\"target\":[\"https:\\\/\\\/visiontecsystems.com\\\/industries-we-serve\\\/\"]}]},{\"@type\":\"ImageObject\",\"inLanguage\":\"fr-FR\",\"@id\":\"https:\\\/\\\/visiontecsystems.com\\\/industries-we-serve\\\/#primaryimage\",\"url\":\"https:\\\/\\\/visiontecsystems.com\\\/wp-content\\\/uploads\\\/2023\\\/06\\\/banners-firemen-1.jpg\",\"contentUrl\":\"https:\\\/\\\/visiontecsystems.com\\\/wp-content\\\/uploads\\\/2023\\\/06\\\/banners-firemen-1.jpg\",\"width\":1200,\"height\":220},{\"@type\":\"BreadcrumbList\",\"@id\":\"https:\\\/\\\/visiontecsystems.com\\\/industries-we-serve\\\/#breadcrumb\",\"itemListElement\":[{\"@type\":\"ListItem\",\"position\":1,\"name\":\"Home\",\"item\":\"https:\\\/\\\/visiontecsystems.com\\\/\"},{\"@type\":\"ListItem\",\"position\":2,\"name\":\"Industries We Serve\"}]},{\"@type\":\"WebSite\",\"@id\":\"https:\\\/\\\/visiontecsystems.com\\\/#website\",\"url\":\"https:\\\/\\\/visiontecsystems.com\\\/\",\"name\":\"Visiontec Systems\",\"description\":\"We Know Threat Detection\",\"publisher\":{\"@id\":\"https:\\\/\\\/visiontecsystems.com\\\/#organization\"},\"potentialAction\":[{\"@type\":\"SearchAction\",\"target\":{\"@type\":\"EntryPoint\",\"urlTemplate\":\"https:\\\/\\\/visiontecsystems.com\\\/?s={search_term_string}\"},\"query-input\":{\"@type\":\"PropertyValueSpecification\",\"valueRequired\":true,\"valueName\":\"search_term_string\"}}],\"inLanguage\":\"fr-FR\"},{\"@type\":\"Organization\",\"@id\":\"https:\\\/\\\/visiontecsystems.com\\\/#organization\",\"name\":\"Visiontec Systems\",\"url\":\"https:\\\/\\\/visiontecsystems.com\\\/\",\"logo\":{\"@type\":\"ImageObject\",\"inLanguage\":\"fr-FR\",\"@id\":\"https:\\\/\\\/visiontecsystems.com\\\/#\\\/schema\\\/logo\\\/image\\\/\",\"url\":\"https:\\\/\\\/visiontecsystems.com\\\/wp-content\\\/uploads\\\/2023\\\/05\\\/logo-1.png\",\"contentUrl\":\"https:\\\/\\\/visiontecsystems.com\\\/wp-content\\\/uploads\\\/2023\\\/05\\\/logo-1.png\",\"width\":500,\"height\":101,\"caption\":\"Visiontec Systems\"},\"image\":{\"@id\":\"https:\\\/\\\/visiontecsystems.com\\\/#\\\/schema\\\/logo\\\/image\\\/\"},\"sameAs\":[\"https:\\\/\\\/www.linkedin.com\\\/company\\\/5281189?trk=tyah&trkInfo=tarId1407863575909tasvisiontecsystemsidx1-1-1\"]}]}<\/script>\n<!-- \/ Yoast SEO plugin. -->","yoast_head_json":{"title":"Industries We Serve - Visiontec Systems","robots":{"index":"index","follow":"follow","max-snippet":"max-snippet:-1","max-image-preview":"max-image-preview:large","max-video-preview":"max-video-preview:-1"},"canonical":"https:\/\/visiontecsystems.com\/fr\/industries-we-serve\/","og_locale":"fr_FR","og_type":"article","og_title":"Industries We Serve - Visiontec Systems","og_url":"https:\/\/visiontecsystems.com\/fr\/industries-we-serve\/","og_site_name":"Visiontec Systems","article_modified_time":"2023-07-19T11:06:42+00:00","twitter_card":"summary_large_image","twitter_misc":{"Dur\u00e9e de lecture estim\u00e9e":"1 minute"},"schema":{"@context":"https:\/\/schema.org","@graph":[{"@type":"WebPage","@id":"https:\/\/visiontecsystems.com\/industries-we-serve\/","url":"https:\/\/visiontecsystems.com\/industries-we-serve\/","name":"Industries We Serve - Visiontec Systems","isPartOf":{"@id":"https:\/\/visiontecsystems.com\/#website"},"primaryImageOfPage":{"@id":"https:\/\/visiontecsystems.com\/industries-we-serve\/#primaryimage"},"image":{"@id":"https:\/\/visiontecsystems.com\/industries-we-serve\/#primaryimage"},"thumbnailUrl":"https:\/\/visiontecsystems.com\/wp-content\/uploads\/2023\/06\/banners-firemen-1.jpg","datePublished":"2023-05-22T13:52:28+00:00","dateModified":"2023-07-19T11:06:42+00:00","breadcrumb":{"@id":"https:\/\/visiontecsystems.com\/industries-we-serve\/#breadcrumb"},"inLanguage":"fr-FR","potentialAction":[{"@type":"ReadAction","target":["https:\/\/visiontecsystems.com\/industries-we-serve\/"]}]},{"@type":"ImageObject","inLanguage":"fr-FR","@id":"https:\/\/visiontecsystems.com\/industries-we-serve\/#primaryimage","url":"https:\/\/visiontecsystems.com\/wp-content\/uploads\/2023\/06\/banners-firemen-1.jpg","contentUrl":"https:\/\/visiontecsystems.com\/wp-content\/uploads\/2023\/06\/banners-firemen-1.jpg","width":1200,"height":220},{"@type":"BreadcrumbList","@id":"https:\/\/visiontecsystems.com\/industries-we-serve\/#breadcrumb","itemListElement":[{"@type":"ListItem","position":1,"name":"Home","item":"https:\/\/visiontecsystems.com\/"},{"@type":"ListItem","position":2,"name":"Industries We Serve"}]},{"@type":"WebSite","@id":"https:\/\/visiontecsystems.com\/#website","url":"https:\/\/visiontecsystems.com\/","name":"Syst\u00e8mes Visiontec","description":"Nous connaissons la d\u00e9tection des menaces","publisher":{"@id":"https:\/\/visiontecsystems.com\/#organization"},"potentialAction":[{"@type":"SearchAction","target":{"@type":"EntryPoint","urlTemplate":"https:\/\/visiontecsystems.com\/?s={search_term_string}"},"query-input":{"@type":"PropertyValueSpecification","valueRequired":true,"valueName":"search_term_string"}}],"inLanguage":"fr-FR"},{"@type":"Organization","@id":"https:\/\/visiontecsystems.com\/#organization","name":"Syst\u00e8mes Visiontec","url":"https:\/\/visiontecsystems.com\/","logo":{"@type":"ImageObject","inLanguage":"fr-FR","@id":"https:\/\/visiontecsystems.com\/#\/schema\/logo\/image\/","url":"https:\/\/visiontecsystems.com\/wp-content\/uploads\/2023\/05\/logo-1.png","contentUrl":"https:\/\/visiontecsystems.com\/wp-content\/uploads\/2023\/05\/logo-1.png","width":500,"height":101,"caption":"Visiontec Systems"},"image":{"@id":"https:\/\/visiontecsystems.com\/#\/schema\/logo\/image\/"},"sameAs":["https:\/\/www.linkedin.com\/company\/5281189?trk=tyah&trkInfo=tarId1407863575909tasvisiontecsystemsidx1-1-1"]}]}},"_links":{"self":[{"href":"https:\/\/visiontecsystems.com\/fr\/wp-json\/wp\/v2\/pages\/1829","targetHints":{"allow":["GET"]}}],"collection":[{"href":"https:\/\/visiontecsystems.com\/fr\/wp-json\/wp\/v2\/pages"}],"about":[{"href":"https:\/\/visiontecsystems.com\/fr\/wp-json\/wp\/v2\/types\/page"}],"author":[{"embeddable":true,"href":"https:\/\/visiontecsystems.com\/fr\/wp-json\/wp\/v2\/users\/1"}],"replies":[{"embeddable":true,"href":"https:\/\/visiontecsystems.com\/fr\/wp-json\/wp\/v2\/comments?post=1829"}],"version-history":[{"count":11,"href":"https:\/\/visiontecsystems.com\/fr\/wp-json\/wp\/v2\/pages\/1829\/revisions"}],"predecessor-version":[{"id":2681,"href":"https:\/\/visiontecsystems.com\/fr\/wp-json\/wp\/v2\/pages\/1829\/revisions\/2681"}],"wp:featuredmedia":[{"embeddable":true,"href":"https:\/\/visiontecsystems.com\/fr\/wp-json\/wp\/v2\/media\/2409"}],"wp:attachment":[{"href":"https:\/\/visiontecsystems.com\/fr\/wp-json\/wp\/v2\/media?parent=1829"}],"curies":[{"name":"wp","href":"https:\/\/api.w.org\/{rel}","templated":true}]}}