{"id":1937,"date":"2023-05-24T10:11:16","date_gmt":"2023-05-24T10:11:16","guid":{"rendered":"https:\/\/visiontecsystems.com\/?page_id=1937"},"modified":"2023-06-09T10:12:05","modified_gmt":"2023-06-09T10:12:05","slug":"nos-clients","status":"publish","type":"page","link":"https:\/\/visiontecsystems.com\/fr\/our-customers\/","title":{"rendered":"Nos clients"},"content":{"rendered":"<div data-vc-full-width=\"true\" data-vc-full-width-init=\"false\" class=\"vc_row wpb_row vc_row-fluid\"><div class=\"wpb_column vc_column_container vc_col-sm-12\"><div class=\"vc_column-inner\"><div class=\"wpb_wrapper\"><p style=\"text-align: center\" class=\"vc_custom_heading vc_custom_1684923160712\" >Visiontec est fi\u00e8re de r\u00e9pondre aux besoins des professionnels de la s\u00e9curit\u00e9 de premi\u00e8re ligne, des \u00e9quipes d'intervention rapide et de la communaut\u00e9 CBRNE dans tout le Canada. Notre client\u00e8le hautement sp\u00e9cialis\u00e9e provient d'agences commerciales, f\u00e9d\u00e9rales et provinciales de tout le pays.<\/p><p style=\"text-align: center\" class=\"vc_custom_heading vc_custom_1684923172102\" >Nos produits et services r\u00e9pondent activement aux besoins essentiels des services de police et d'incendie, de l'arm\u00e9e canadienne, des douanes, des \u00e9quipes de neutralisation des explosifs et munitions, des \u00e9quipes d'intervention en cas d'incident, des entit\u00e9s commerciales de pr\u00e9vention des pertes, et prot\u00e8gent les installations et infrastructures s\u00e9curis\u00e9es telles que les tribunaux, les assembl\u00e9es l\u00e9gislatives, les \u00e9tablissements p\u00e9nitentiaires, les ambassades, les a\u00e9roports, les usines de services publics, les mines et les stades.<\/p><p style=\"text-align: center\" class=\"vc_custom_heading vc_custom_1684923229326\" >Nous fournissons \u00e9galement des services professionnels et la r\u00e9putation de Visiontec s'est construite sur notre engagement \u00e0 comprendre les exigences uniques de nos clients et \u00e0 d\u00e9passer leurs attentes en mati\u00e8re de qualit\u00e9, de r\u00e9activit\u00e9, de prix et de livraison. Nos clients t\u00e9moignent de la qualit\u00e9 globale de nos produits et de la disponibilit\u00e9 et des normes de nos services.<\/p><\/div><\/div><\/div><\/div><div class=\"vc_row-full-width vc_clearfix\"><\/div><!-- Row Backgrounds --><div class=\"upb_bg_img\" data-ultimate-bg=\"url(http:\/\/security3.secretlab.pw\/wp-content\/uploads\/2016\/07\/camera.png)\" data-image-id=\"id^773|url^http:\/\/security3.secretlab.pw\/wp-content\/uploads\/2016\/07\/camera.png|caption^null|alt^null|title^camera|description^null\" data-ultimate-bg-style=\"vcpb-default\" data-bg-img-repeat=\"no-repeat\" data-bg-img-size=\"initial\" data-bg-img-position=\"left top\" data-parallx_sense=\"30\" data-bg-override=\"0\" data-bg_img_attach=\"scroll\" data-upb-overlay-color=\"\" data-upb-bg-animation=\"\" data-fadeout=\"\" data-bg-animation=\"left-animation\" data-bg-animation-type=\"h\" data-animation-repeat=\"repeat\" data-fadeout-percentage=\"30\" data-parallax-content=\"\" data-parallax-content-sense=\"30\" data-row-effect-mobile-disable=\"true\" data-img-parallax-mobile-disable=\"true\" data-rtl=\"false\"  data-custom-vc-row=\"\"  data-vc=\"6.5.0\"  data-is_old_vc=\"\"  data-theme-support=\"\"   data-overlay=\"false\" data-overlay-color=\"\" data-overlay-pattern=\"\" data-overlay-pattern-opacity=\"\" data-overlay-pattern-size=\"\"    ><\/div><!-- Row Backgrounds --><div class=\"upb_bg_img\" data-ultimate-bg=\"url(http:\/\/security3.secretlab.pw\/wp-content\/uploads\/2016\/07\/comment.png)\" data-image-id=\"id^798|url^http:\/\/security3.secretlab.pw\/wp-content\/uploads\/2016\/07\/comment.png|caption^null|alt^null|title^comment|description^null\" data-ultimate-bg-style=\"vcpb-default\" data-bg-img-repeat=\"no-repeat\" data-bg-img-size=\"initial\" data-bg-img-position=\"100% 65px\" data-parallx_sense=\"30\" data-bg-override=\"0\" data-bg_img_attach=\"scroll\" data-upb-overlay-color=\"\" data-upb-bg-animation=\"\" data-fadeout=\"\" data-bg-animation=\"left-animation\" data-bg-animation-type=\"h\" data-animation-repeat=\"repeat\" data-fadeout-percentage=\"30\" data-parallax-content=\"\" data-parallax-content-sense=\"30\" data-row-effect-mobile-disable=\"true\" data-img-parallax-mobile-disable=\"true\" data-rtl=\"false\"  data-custom-vc-row=\"\"  data-vc=\"6.5.0\"  data-is_old_vc=\"\"  data-theme-support=\"\"   data-overlay=\"false\" data-overlay-color=\"\" data-overlay-pattern=\"\" data-overlay-pattern-opacity=\"\" data-overlay-pattern-size=\"\"    ><\/div>","protected":false},"excerpt":{"rendered":"<\/p>","protected":false},"author":1,"featured_media":1942,"parent":0,"menu_order":0,"comment_status":"closed","ping_status":"closed","template":"","meta":{"_acf_changed":false,"footnotes":""},"class_list":["post-1937","page","type-page","status-publish","has-post-thumbnail","hentry"],"acf":[],"yoast_head":"<!-- This site is optimized with the Yoast SEO plugin v27.3 - https:\/\/yoast.com\/product\/yoast-seo-wordpress\/ -->\n<title>Our Customers - Visiontec Systems<\/title>\n<meta name=\"robots\" content=\"index, follow, max-snippet:-1, max-image-preview:large, max-video-preview:-1\" \/>\n<link rel=\"canonical\" href=\"https:\/\/visiontecsystems.com\/fr\/nos-clients\/\" \/>\n<meta property=\"og:locale\" content=\"fr_FR\" \/>\n<meta property=\"og:type\" content=\"article\" \/>\n<meta property=\"og:title\" content=\"Our Customers - Visiontec Systems\" \/>\n<meta property=\"og:url\" content=\"https:\/\/visiontecsystems.com\/fr\/nos-clients\/\" \/>\n<meta property=\"og:site_name\" content=\"Visiontec Systems\" \/>\n<meta property=\"article:modified_time\" content=\"2023-06-09T10:12:05+00:00\" \/>\n<meta property=\"og:image\" content=\"https:\/\/visiontecsystems.com\/wp-content\/uploads\/2023\/05\/banners-customers.jpg\" \/>\n\t<meta property=\"og:image:width\" content=\"1200\" \/>\n\t<meta property=\"og:image:height\" content=\"220\" \/>\n\t<meta property=\"og:image:type\" content=\"image\/jpeg\" \/>\n<meta name=\"twitter:card\" content=\"summary_large_image\" \/>\n<meta name=\"twitter:label1\" content=\"Dur\u00e9e de lecture estim\u00e9e\" \/>\n\t<meta name=\"twitter:data1\" content=\"4 minutes\" \/>\n<script type=\"application\/ld+json\" class=\"yoast-schema-graph\">{\"@context\":\"https:\\\/\\\/schema.org\",\"@graph\":[{\"@type\":\"WebPage\",\"@id\":\"https:\\\/\\\/visiontecsystems.com\\\/our-customers\\\/\",\"url\":\"https:\\\/\\\/visiontecsystems.com\\\/our-customers\\\/\",\"name\":\"Our Customers - Visiontec Systems\",\"isPartOf\":{\"@id\":\"https:\\\/\\\/visiontecsystems.com\\\/#website\"},\"primaryImageOfPage\":{\"@id\":\"https:\\\/\\\/visiontecsystems.com\\\/our-customers\\\/#primaryimage\"},\"image\":{\"@id\":\"https:\\\/\\\/visiontecsystems.com\\\/our-customers\\\/#primaryimage\"},\"thumbnailUrl\":\"https:\\\/\\\/visiontecsystems.com\\\/wp-content\\\/uploads\\\/2023\\\/05\\\/banners-customers.jpg\",\"datePublished\":\"2023-05-24T10:11:16+00:00\",\"dateModified\":\"2023-06-09T10:12:05+00:00\",\"breadcrumb\":{\"@id\":\"https:\\\/\\\/visiontecsystems.com\\\/our-customers\\\/#breadcrumb\"},\"inLanguage\":\"fr-FR\",\"potentialAction\":[{\"@type\":\"ReadAction\",\"target\":[\"https:\\\/\\\/visiontecsystems.com\\\/our-customers\\\/\"]}]},{\"@type\":\"ImageObject\",\"inLanguage\":\"fr-FR\",\"@id\":\"https:\\\/\\\/visiontecsystems.com\\\/our-customers\\\/#primaryimage\",\"url\":\"https:\\\/\\\/visiontecsystems.com\\\/wp-content\\\/uploads\\\/2023\\\/05\\\/banners-customers.jpg\",\"contentUrl\":\"https:\\\/\\\/visiontecsystems.com\\\/wp-content\\\/uploads\\\/2023\\\/05\\\/banners-customers.jpg\",\"width\":1200,\"height\":220},{\"@type\":\"BreadcrumbList\",\"@id\":\"https:\\\/\\\/visiontecsystems.com\\\/our-customers\\\/#breadcrumb\",\"itemListElement\":[{\"@type\":\"ListItem\",\"position\":1,\"name\":\"Home\",\"item\":\"https:\\\/\\\/visiontecsystems.com\\\/\"},{\"@type\":\"ListItem\",\"position\":2,\"name\":\"Our Customers\"}]},{\"@type\":\"WebSite\",\"@id\":\"https:\\\/\\\/visiontecsystems.com\\\/#website\",\"url\":\"https:\\\/\\\/visiontecsystems.com\\\/\",\"name\":\"Visiontec Systems\",\"description\":\"We Know Threat Detection\",\"publisher\":{\"@id\":\"https:\\\/\\\/visiontecsystems.com\\\/#organization\"},\"potentialAction\":[{\"@type\":\"SearchAction\",\"target\":{\"@type\":\"EntryPoint\",\"urlTemplate\":\"https:\\\/\\\/visiontecsystems.com\\\/?s={search_term_string}\"},\"query-input\":{\"@type\":\"PropertyValueSpecification\",\"valueRequired\":true,\"valueName\":\"search_term_string\"}}],\"inLanguage\":\"fr-FR\"},{\"@type\":\"Organization\",\"@id\":\"https:\\\/\\\/visiontecsystems.com\\\/#organization\",\"name\":\"Visiontec Systems\",\"url\":\"https:\\\/\\\/visiontecsystems.com\\\/\",\"logo\":{\"@type\":\"ImageObject\",\"inLanguage\":\"fr-FR\",\"@id\":\"https:\\\/\\\/visiontecsystems.com\\\/#\\\/schema\\\/logo\\\/image\\\/\",\"url\":\"https:\\\/\\\/visiontecsystems.com\\\/wp-content\\\/uploads\\\/2023\\\/05\\\/logo-1.png\",\"contentUrl\":\"https:\\\/\\\/visiontecsystems.com\\\/wp-content\\\/uploads\\\/2023\\\/05\\\/logo-1.png\",\"width\":500,\"height\":101,\"caption\":\"Visiontec Systems\"},\"image\":{\"@id\":\"https:\\\/\\\/visiontecsystems.com\\\/#\\\/schema\\\/logo\\\/image\\\/\"},\"sameAs\":[\"https:\\\/\\\/www.linkedin.com\\\/company\\\/5281189?trk=tyah&trkInfo=tarId1407863575909tasvisiontecsystemsidx1-1-1\"]}]}<\/script>\n<!-- \/ Yoast SEO plugin. -->","yoast_head_json":{"title":"Nos clients - Visiontec Systems","robots":{"index":"index","follow":"follow","max-snippet":"max-snippet:-1","max-image-preview":"max-image-preview:large","max-video-preview":"max-video-preview:-1"},"canonical":"https:\/\/visiontecsystems.com\/fr\/nos-clients\/","og_locale":"fr_FR","og_type":"article","og_title":"Our Customers - Visiontec Systems","og_url":"https:\/\/visiontecsystems.com\/fr\/nos-clients\/","og_site_name":"Visiontec Systems","article_modified_time":"2023-06-09T10:12:05+00:00","og_image":[{"width":1200,"height":220,"url":"https:\/\/visiontecsystems.com\/wp-content\/uploads\/2023\/05\/banners-customers.jpg","type":"image\/jpeg"}],"twitter_card":"summary_large_image","twitter_misc":{"Dur\u00e9e de lecture estim\u00e9e":"4 minutes"},"schema":{"@context":"https:\/\/schema.org","@graph":[{"@type":"WebPage","@id":"https:\/\/visiontecsystems.com\/our-customers\/","url":"https:\/\/visiontecsystems.com\/our-customers\/","name":"Nos clients - Visiontec Systems","isPartOf":{"@id":"https:\/\/visiontecsystems.com\/#website"},"primaryImageOfPage":{"@id":"https:\/\/visiontecsystems.com\/our-customers\/#primaryimage"},"image":{"@id":"https:\/\/visiontecsystems.com\/our-customers\/#primaryimage"},"thumbnailUrl":"https:\/\/visiontecsystems.com\/wp-content\/uploads\/2023\/05\/banners-customers.jpg","datePublished":"2023-05-24T10:11:16+00:00","dateModified":"2023-06-09T10:12:05+00:00","breadcrumb":{"@id":"https:\/\/visiontecsystems.com\/our-customers\/#breadcrumb"},"inLanguage":"fr-FR","potentialAction":[{"@type":"ReadAction","target":["https:\/\/visiontecsystems.com\/our-customers\/"]}]},{"@type":"ImageObject","inLanguage":"fr-FR","@id":"https:\/\/visiontecsystems.com\/our-customers\/#primaryimage","url":"https:\/\/visiontecsystems.com\/wp-content\/uploads\/2023\/05\/banners-customers.jpg","contentUrl":"https:\/\/visiontecsystems.com\/wp-content\/uploads\/2023\/05\/banners-customers.jpg","width":1200,"height":220},{"@type":"BreadcrumbList","@id":"https:\/\/visiontecsystems.com\/our-customers\/#breadcrumb","itemListElement":[{"@type":"ListItem","position":1,"name":"Home","item":"https:\/\/visiontecsystems.com\/"},{"@type":"ListItem","position":2,"name":"Our Customers"}]},{"@type":"WebSite","@id":"https:\/\/visiontecsystems.com\/#website","url":"https:\/\/visiontecsystems.com\/","name":"Syst\u00e8mes Visiontec","description":"Nous connaissons la d\u00e9tection des menaces","publisher":{"@id":"https:\/\/visiontecsystems.com\/#organization"},"potentialAction":[{"@type":"SearchAction","target":{"@type":"EntryPoint","urlTemplate":"https:\/\/visiontecsystems.com\/?s={search_term_string}"},"query-input":{"@type":"PropertyValueSpecification","valueRequired":true,"valueName":"search_term_string"}}],"inLanguage":"fr-FR"},{"@type":"Organization","@id":"https:\/\/visiontecsystems.com\/#organization","name":"Syst\u00e8mes Visiontec","url":"https:\/\/visiontecsystems.com\/","logo":{"@type":"ImageObject","inLanguage":"fr-FR","@id":"https:\/\/visiontecsystems.com\/#\/schema\/logo\/image\/","url":"https:\/\/visiontecsystems.com\/wp-content\/uploads\/2023\/05\/logo-1.png","contentUrl":"https:\/\/visiontecsystems.com\/wp-content\/uploads\/2023\/05\/logo-1.png","width":500,"height":101,"caption":"Visiontec Systems"},"image":{"@id":"https:\/\/visiontecsystems.com\/#\/schema\/logo\/image\/"},"sameAs":["https:\/\/www.linkedin.com\/company\/5281189?trk=tyah&trkInfo=tarId1407863575909tasvisiontecsystemsidx1-1-1"]}]}},"_links":{"self":[{"href":"https:\/\/visiontecsystems.com\/fr\/wp-json\/wp\/v2\/pages\/1937","targetHints":{"allow":["GET"]}}],"collection":[{"href":"https:\/\/visiontecsystems.com\/fr\/wp-json\/wp\/v2\/pages"}],"about":[{"href":"https:\/\/visiontecsystems.com\/fr\/wp-json\/wp\/v2\/types\/page"}],"author":[{"embeddable":true,"href":"https:\/\/visiontecsystems.com\/fr\/wp-json\/wp\/v2\/users\/1"}],"replies":[{"embeddable":true,"href":"https:\/\/visiontecsystems.com\/fr\/wp-json\/wp\/v2\/comments?post=1937"}],"version-history":[{"count":5,"href":"https:\/\/visiontecsystems.com\/fr\/wp-json\/wp\/v2\/pages\/1937\/revisions"}],"predecessor-version":[{"id":2435,"href":"https:\/\/visiontecsystems.com\/fr\/wp-json\/wp\/v2\/pages\/1937\/revisions\/2435"}],"wp:featuredmedia":[{"embeddable":true,"href":"https:\/\/visiontecsystems.com\/fr\/wp-json\/wp\/v2\/media\/1942"}],"wp:attachment":[{"href":"https:\/\/visiontecsystems.com\/fr\/wp-json\/wp\/v2\/media?parent=1937"}],"curies":[{"name":"wp","href":"https:\/\/api.w.org\/{rel}","templated":true}]}}