{"id":1944,"date":"2023-05-24T10:35:21","date_gmt":"2023-05-24T10:35:21","guid":{"rendered":"https:\/\/visiontecsystems.com\/?page_id=1944"},"modified":"2026-03-30T13:08:05","modified_gmt":"2026-03-30T13:08:05","slug":"news-events","status":"publish","type":"page","link":"https:\/\/visiontecsystems.com\/fr\/news-events\/","title":{"rendered":"Nouvelles et \u00e9v\u00e9nements"},"content":{"rendered":"<div data-vc-full-width=\"true\" data-vc-full-width-init=\"false\" class=\"vc_row wpb_row vc_row-fluid vc_custom_1689229980230 vc_row-has-fill\"><div class=\"wpb_column vc_column_container vc_col-sm-12\"><div class=\"vc_column-inner\"><div class=\"wpb_wrapper\"><p style=\"text-align: center\" class=\"vc_custom_heading vc_custom_1684924501945\" >Pour rester inform\u00e9 des derni\u00e8res actualit\u00e9s et des \u00e9v\u00e9nements organis\u00e9s par Visiontec, consultez r\u00e9guli\u00e8rement cette section du site. Vous y trouverez \u00e9galement des informations sur les salons commerciaux et les conf\u00e9rences auxquelles Visiontec participe.<\/p><\/div><\/div><\/div><\/div><div class=\"vc_row-full-width vc_clearfix\"><\/div><!-- Row Backgrounds --><div class=\"upb_bg_img\" data-ultimate-bg=\"url(http:\/\/security3.secretlab.pw\/wp-content\/uploads\/2016\/07\/camera.png)\" data-image-id=\"id^773|url^http:\/\/security3.secretlab.pw\/wp-content\/uploads\/2016\/07\/camera.png|caption^null|alt^null|title^camera|description^null\" data-ultimate-bg-style=\"vcpb-default\" data-bg-img-repeat=\"no-repeat\" data-bg-img-size=\"initial\" data-bg-img-position=\"left top\" data-parallx_sense=\"30\" data-bg-override=\"0\" data-bg_img_attach=\"scroll\" data-upb-overlay-color=\"\" data-upb-bg-animation=\"\" data-fadeout=\"\" data-bg-animation=\"left-animation\" data-bg-animation-type=\"h\" data-animation-repeat=\"repeat\" data-fadeout-percentage=\"30\" data-parallax-content=\"\" data-parallax-content-sense=\"30\" data-row-effect-mobile-disable=\"true\" data-img-parallax-mobile-disable=\"true\" data-rtl=\"false\"  data-custom-vc-row=\"\"  data-vc=\"6.5.0\"  data-is_old_vc=\"\"  data-theme-support=\"\"   data-overlay=\"false\" data-overlay-color=\"\" data-overlay-pattern=\"\" data-overlay-pattern-opacity=\"\" data-overlay-pattern-size=\"\"    ><\/div><div class=\"vc_row wpb_row vc_row-fluid\"><div class=\"wpb_column vc_column_container vc_col-sm-8\"><div class=\"vc_column-inner\"><div class=\"wpb_wrapper\"><h5 style=\"text-align: left\" class=\"vc_custom_heading\" >Un p\u00e8lerinage comm\u00e9moratif \u00e0 v\u00e9lo<\/h5>\n\t<div class=\"wpb_text_column wpb_content_element\" >\n\t\t<div class=\"wpb_wrapper\">\n\t\t\t<p>Visiontec est fi\u00e8re de parrainer le P\u00e8lerinage cycliste annuel de Hamilton au Monument comm\u00e9moratif des pompiers \u00e0 Ottawa. Cette randonn\u00e9e cycliste de trois jours permet de collecter des fonds et de sensibiliser la population \u00e0 la Fondation canadienne des pompiers morts en service (FCPMS), une organisation qui honore et soutient les familles des pompiers qui ont perdu la vie dans l'exercice de leurs fonctions. Visiontec est toujours heureux de soutenir les communaut\u00e9s militaires et les premiers intervenants.<\/p>\n\n\t\t<\/div>\n\t<\/div>\n<\/div><\/div><\/div><div class=\"wpb_column vc_column_container vc_col-sm-4\"><div class=\"vc_column-inner\"><div class=\"wpb_wrapper\">\n\t<div  class=\"wpb_single_image wpb_content_element vc_align_center\">\n\t\t\n\t\t<figure class=\"wpb_wrapper vc_figure\">\n\t\t\t<div class=\"vc_single_image-wrapper   vc_box_border_grey\"><img loading=\"lazy\" decoding=\"async\" width=\"304\" height=\"304\" src=\"https:\/\/visiontecsystems.com\/wp-content\/uploads\/2023\/07\/bike-ride-2.jpg\" class=\"vc_single_image-img attachment-full\" alt=\"\" srcset=\"https:\/\/visiontecsystems.com\/wp-content\/uploads\/2023\/07\/bike-ride-2.jpg 304w, https:\/\/visiontecsystems.com\/wp-content\/uploads\/2023\/07\/bike-ride-2-300x300.jpg 300w, https:\/\/visiontecsystems.com\/wp-content\/uploads\/2023\/07\/bike-ride-2-150x150.jpg 150w, https:\/\/visiontecsystems.com\/wp-content\/uploads\/2023\/07\/bike-ride-2-250x250.jpg 250w, https:\/\/visiontecsystems.com\/wp-content\/uploads\/2023\/07\/bike-ride-2-55x55.jpg 55w, https:\/\/visiontecsystems.com\/wp-content\/uploads\/2023\/07\/bike-ride-2-100x100.jpg 100w\" sizes=\"auto, (max-width: 304px) 100vw, 304px\" \/><\/div>\n\t\t<\/figure>\n\t<\/div>\n<\/div><\/div><\/div><\/div><div class=\"vc_row wpb_row vc_row-fluid vc_custom_1689230203755\"><div class=\"wpb_column vc_column_container vc_col-sm-12\"><div class=\"vc_column-inner\"><div class=\"wpb_wrapper\"><h2 style=\"text-align: left\" class=\"vc_custom_heading\" >\u00c9v\u00e9nements \u00e0 venir<\/h2>\n\t<div class=\"wpb_text_column wpb_content_element\" >\n\t\t<div class=\"wpb_wrapper\">\n\t\t\t<p>Rejoignez-nous \u00e0 la <a href=\"https:\/\/cdainstitute.ca\/events\/ottawa-conference-march-4th-5th-2026\/\">Conf\u00e9rence d'Ottawa sur la s\u00e9curit\u00e9 et la d\u00e9fense<\/a> \u00a0qui se tiendra au Fairmont Ch\u00e2teau Laurier, Ottawa les 4 et 5 mars 2026<\/p>\n<p>L'\u00e9quipe de Visiontec se rend \u00e0 Toronto pour l'\u00e9v\u00e9nement <a href=\"https:\/\/cbrneworld.com\/events\/cbrne-convergence-canada-2026\">Convergence CBRNE<\/a>, au Double Tree by Hilton Hotel Toronto Downtown, du 13 au 15 avril 2026<\/p>\n<p>Assurez-vous de venir nous rencontrer \u00e0 l'occasion de la <a href=\"https:\/\/www.ohmra.ca\/event\/2026-canadian-cbrne-and-robotics-summit-9\/register\">Conf\u00e9rence de l'OHMRA<\/a>. Cette ann\u00e9e, l'\u00e9v\u00e9nement se tiendra au DoubleTree by Hilton, \u00e0 Kitchener, en Ontario, les 21 et 22 avril 2026.<\/p>\n<p>L'\u00e9quipe de Visiontec sera \u00e0 nouveau pr\u00e9sente \u00e0<a href=\"https:\/\/www.defenceandsecurity.ca\/CANSEC\/\"> CANSEC<\/a> , le principal \u00e9v\u00e9nement canadien dans le domaine de la d\u00e9fense, de la s\u00e9curit\u00e9 et des technologies \u00e9mergentes, qui se tiendra au Centre EY les 27 et 28 mai \u00e0 Ottawa (Ontario).<\/p>\n<p>Visiontec se dirige dans le cadre de L'Est, vers la <a href=\"https:\/\/ac-ada.ca\/conferences\/maritime-arctic-security-safety-conference\/\">Conf\u00e9rence sur la s\u00e9curit\u00e9 maritime et arctique<\/a> L'\u00e9v\u00e9nement se tiendra au Centre des congr\u00e8s St. John's, \u00e0 St. John's, Terre-Neuve, du 14 au 16 juillet 2026.<\/p>\n<p>Rejoignez l'\u00e9quipe Visiontec \u00e0 <a href=\"https:\/\/ac-ada.ca\/events\/defsec-atlantic-2026\/\">DEFSEC Atlantique<\/a>, La conf\u00e9rence se tiendra du 6 au 8 octobre 2026 au Centre des congr\u00e8s de Halifax, en Nouvelle-\u00c9cosse.<\/p>\n<p>R\u00e9servez la date de la prochaine conf\u00e9rence sur la reconnaissance et la r\u00e9pression des drogues, qui se tiendra \u00e0 Toronto au Marriott Markham du 14 au 16 octobre 2026.<\/p>\n\n\t\t<\/div>\n\t<\/div>\n<h2 style=\"text-align: left\" class=\"vc_custom_heading\" >\u00c9v\u00e9nements pass\u00e9s<\/h2>\n\t<div class=\"wpb_text_column wpb_content_element\" >\n\t\t<div class=\"wpb_wrapper\">\n\t\t\t<p>L'\u00e9quipe de Visiontec a particip\u00e9 \u00e0 la conf\u00e9rence Law Enforcement in Occupational Safety and Health (LEOSH) du 17 au 19 juin 2025 au Blue Mountain Resort \u00e0 Blue Mountain.<\/p>\n\n\t\t<\/div>\n\t<\/div>\n<\/div><\/div><\/div><\/div><div data-vc-full-width=\"true\" data-vc-full-width-init=\"false\" class=\"vc_row wpb_row vc_row-fluid vc_custom_1688025868717 vc_row-has-fill\"><div class=\"wpb_column vc_column_container vc_col-sm-12\"><div class=\"vc_column-inner\"><div class=\"wpb_wrapper\"><h2 style=\"text-align: center\" class=\"vc_custom_heading\" >NOUVELLES<\/h2><h5 style=\"text-align: center\" class=\"vc_custom_heading\" >Visiontec dans les m\u00e9dias :<\/h5>\n\t<div class=\"wpb_text_column wpb_content_element\" >\n\t\t<div class=\"wpb_wrapper\">\n\t\t\t<p style=\"text-align: center;\"><a href=\"https:\/\/www.prnewswire.com\/news-releases\/visiontec-systems-and-scantech-identification-beam-systems-llc-announce-contract-to-implement-advanced-screening-technology-in-the-nuclear-industry-market-301992571.html\">Visiontec Systems et Scantech Identification Systems annoncent la signature d'un contrat \u00a0<\/a><\/p>\n\n\t\t<\/div>\n\t<\/div>\n\n\t<div class=\"wpb_text_column wpb_content_element\" >\n\t\t<div class=\"wpb_wrapper\">\n\t\t\t<p style=\"text-align: center;\"><a href=\"https:\/\/www.capebretonpost.com\/news\/local\/cape-breton-jail-has-body-scanner-285514\/\">La prison du Cap-Breton se dote d'un scanner corporel<\/a><\/p>\n\n\t\t<\/div>\n\t<\/div>\n\n\t<div class=\"wpb_text_column wpb_content_element\" >\n\t\t<div class=\"wpb_wrapper\">\n\t\t\t<p style=\"text-align: center;\"><a href=\"https:\/\/www.thechronicleherald.ca\/news\/local\/burnside-jails-new-body-scanners-have-already-intercepted-contraband-286031\/\">Les nouveaux scanners corporels de la prison de Burnside ont d\u00e9j\u00e0 intercept\u00e9 des produits de contrebande<\/a><\/p>\n\n\t\t<\/div>\n\t<\/div>\n\n\t<div class=\"wpb_text_column wpb_content_element\" >\n\t\t<div class=\"wpb_wrapper\">\n\t\t\t<p style=\"text-align: center;\"><a href=\"http:\/\/www.ottawasun.com\/2016\/10\/14\/body-scanners-put-end-to-backdoor-smuggling-at-ottawa-jail#.WAE4WJFl-G4.email\" target=\"_blank\" rel=\"noopener\">Les scanners corporels mettent fin \u00e0 la contrebande \u00e0 la prison d'Ottawa<\/a><\/p>\n\n\t\t<\/div>\n\t<\/div>\n\n\t<div class=\"wpb_text_column wpb_content_element\" >\n\t\t<div class=\"wpb_wrapper\">\n\t\t\t<p style=\"text-align: center;\"><a href=\"https:\/\/visiontecsystems.com\/fr\/visiontec-systems-provides-body-scanners-to-ontario-prisons\/\">Visiontec Systems fournit des scanners corporels aux prisons de l'Ontario<\/a><\/p>\n\n\t\t<\/div>\n\t<\/div>\n<div class=\"vc_row wpb_row vc_inner vc_row-fluid\"><div class=\"wpb_column vc_column_container vc_col-sm-12\"><div class=\"vc_column-inner\"><div class=\"wpb_wrapper\"><\/div><\/div><\/div><\/div><\/div><\/div><\/div><\/div><div class=\"vc_row-full-width vc_clearfix\"><\/div><!-- Row Backgrounds --><div class=\"upb_bg_img\" data-ultimate-bg=\"url(http:\/\/security3.secretlab.pw\/wp-content\/uploads\/2016\/07\/comment.png)\" data-image-id=\"id^798|url^http:\/\/security3.secretlab.pw\/wp-content\/uploads\/2016\/07\/comment.png|caption^null|alt^null|title^comment|description^null\" data-ultimate-bg-style=\"vcpb-default\" data-bg-img-repeat=\"no-repeat\" data-bg-img-size=\"initial\" data-bg-img-position=\"100% 65px\" data-parallx_sense=\"30\" data-bg-override=\"0\" data-bg_img_attach=\"scroll\" data-upb-overlay-color=\"\" data-upb-bg-animation=\"\" data-fadeout=\"\" data-bg-animation=\"left-animation\" data-bg-animation-type=\"h\" data-animation-repeat=\"repeat\" data-fadeout-percentage=\"30\" data-parallax-content=\"\" data-parallax-content-sense=\"30\" data-row-effect-mobile-disable=\"true\" data-img-parallax-mobile-disable=\"true\" data-rtl=\"false\"  data-custom-vc-row=\"\"  data-vc=\"6.5.0\"  data-is_old_vc=\"\"  data-theme-support=\"\"   data-overlay=\"false\" data-overlay-color=\"\" data-overlay-pattern=\"\" data-overlay-pattern-opacity=\"\" data-overlay-pattern-size=\"\"    ><\/div>","protected":false},"excerpt":{"rendered":"<\/p>","protected":false},"author":1,"featured_media":1942,"parent":0,"menu_order":0,"comment_status":"closed","ping_status":"closed","template":"","meta":{"_acf_changed":false,"footnotes":""},"class_list":["post-1944","page","type-page","status-publish","has-post-thumbnail","hentry"],"acf":[],"yoast_head":"<!-- This site is optimized with the Yoast SEO plugin v27.3 - https:\/\/yoast.com\/product\/yoast-seo-wordpress\/ -->\n<title>News &amp; Events - Visiontec Systems<\/title>\n<meta name=\"robots\" content=\"index, follow, max-snippet:-1, max-image-preview:large, max-video-preview:-1\" \/>\n<link rel=\"canonical\" href=\"https:\/\/visiontecsystems.com\/fr\/news-events\/\" \/>\n<meta property=\"og:locale\" content=\"fr_FR\" \/>\n<meta property=\"og:type\" content=\"article\" \/>\n<meta property=\"og:title\" content=\"News &amp; Events - Visiontec Systems\" \/>\n<meta property=\"og:url\" content=\"https:\/\/visiontecsystems.com\/fr\/news-events\/\" \/>\n<meta property=\"og:site_name\" content=\"Visiontec Systems\" \/>\n<meta property=\"article:modified_time\" content=\"2026-03-30T13:08:05+00:00\" \/>\n<meta property=\"og:image\" content=\"https:\/\/visiontecsystems.com\/wp-content\/uploads\/2023\/05\/banners-customers.jpg\" \/>\n\t<meta property=\"og:image:width\" content=\"1200\" \/>\n\t<meta property=\"og:image:height\" content=\"220\" \/>\n\t<meta property=\"og:image:type\" content=\"image\/jpeg\" \/>\n<meta name=\"twitter:card\" content=\"summary_large_image\" \/>\n<meta name=\"twitter:label1\" content=\"Dur\u00e9e de lecture estim\u00e9e\" \/>\n\t<meta name=\"twitter:data1\" content=\"6 minutes\" \/>\n<script type=\"application\/ld+json\" class=\"yoast-schema-graph\">{\"@context\":\"https:\\\/\\\/schema.org\",\"@graph\":[{\"@type\":\"WebPage\",\"@id\":\"https:\\\/\\\/visiontecsystems.com\\\/news-events\\\/\",\"url\":\"https:\\\/\\\/visiontecsystems.com\\\/news-events\\\/\",\"name\":\"News & Events - Visiontec Systems\",\"isPartOf\":{\"@id\":\"https:\\\/\\\/visiontecsystems.com\\\/#website\"},\"primaryImageOfPage\":{\"@id\":\"https:\\\/\\\/visiontecsystems.com\\\/news-events\\\/#primaryimage\"},\"image\":{\"@id\":\"https:\\\/\\\/visiontecsystems.com\\\/news-events\\\/#primaryimage\"},\"thumbnailUrl\":\"https:\\\/\\\/visiontecsystems.com\\\/wp-content\\\/uploads\\\/2023\\\/05\\\/banners-customers.jpg\",\"datePublished\":\"2023-05-24T10:35:21+00:00\",\"dateModified\":\"2026-03-30T13:08:05+00:00\",\"breadcrumb\":{\"@id\":\"https:\\\/\\\/visiontecsystems.com\\\/news-events\\\/#breadcrumb\"},\"inLanguage\":\"fr-FR\",\"potentialAction\":[{\"@type\":\"ReadAction\",\"target\":[\"https:\\\/\\\/visiontecsystems.com\\\/news-events\\\/\"]}]},{\"@type\":\"ImageObject\",\"inLanguage\":\"fr-FR\",\"@id\":\"https:\\\/\\\/visiontecsystems.com\\\/news-events\\\/#primaryimage\",\"url\":\"https:\\\/\\\/visiontecsystems.com\\\/wp-content\\\/uploads\\\/2023\\\/05\\\/banners-customers.jpg\",\"contentUrl\":\"https:\\\/\\\/visiontecsystems.com\\\/wp-content\\\/uploads\\\/2023\\\/05\\\/banners-customers.jpg\",\"width\":1200,\"height\":220},{\"@type\":\"BreadcrumbList\",\"@id\":\"https:\\\/\\\/visiontecsystems.com\\\/news-events\\\/#breadcrumb\",\"itemListElement\":[{\"@type\":\"ListItem\",\"position\":1,\"name\":\"Home\",\"item\":\"https:\\\/\\\/visiontecsystems.com\\\/\"},{\"@type\":\"ListItem\",\"position\":2,\"name\":\"News &#038; Events\"}]},{\"@type\":\"WebSite\",\"@id\":\"https:\\\/\\\/visiontecsystems.com\\\/#website\",\"url\":\"https:\\\/\\\/visiontecsystems.com\\\/\",\"name\":\"Visiontec Systems\",\"description\":\"We Know Threat Detection\",\"publisher\":{\"@id\":\"https:\\\/\\\/visiontecsystems.com\\\/#organization\"},\"potentialAction\":[{\"@type\":\"SearchAction\",\"target\":{\"@type\":\"EntryPoint\",\"urlTemplate\":\"https:\\\/\\\/visiontecsystems.com\\\/?s={search_term_string}\"},\"query-input\":{\"@type\":\"PropertyValueSpecification\",\"valueRequired\":true,\"valueName\":\"search_term_string\"}}],\"inLanguage\":\"fr-FR\"},{\"@type\":\"Organization\",\"@id\":\"https:\\\/\\\/visiontecsystems.com\\\/#organization\",\"name\":\"Visiontec Systems\",\"url\":\"https:\\\/\\\/visiontecsystems.com\\\/\",\"logo\":{\"@type\":\"ImageObject\",\"inLanguage\":\"fr-FR\",\"@id\":\"https:\\\/\\\/visiontecsystems.com\\\/#\\\/schema\\\/logo\\\/image\\\/\",\"url\":\"https:\\\/\\\/visiontecsystems.com\\\/wp-content\\\/uploads\\\/2023\\\/05\\\/logo-1.png\",\"contentUrl\":\"https:\\\/\\\/visiontecsystems.com\\\/wp-content\\\/uploads\\\/2023\\\/05\\\/logo-1.png\",\"width\":500,\"height\":101,\"caption\":\"Visiontec Systems\"},\"image\":{\"@id\":\"https:\\\/\\\/visiontecsystems.com\\\/#\\\/schema\\\/logo\\\/image\\\/\"},\"sameAs\":[\"https:\\\/\\\/www.linkedin.com\\\/company\\\/5281189?trk=tyah&trkInfo=tarId1407863575909tasvisiontecsystemsidx1-1-1\"]}]}<\/script>\n<!-- \/ Yoast SEO plugin. -->","yoast_head_json":{"title":"News & Events - Visiontec Systems","robots":{"index":"index","follow":"follow","max-snippet":"max-snippet:-1","max-image-preview":"max-image-preview:large","max-video-preview":"max-video-preview:-1"},"canonical":"https:\/\/visiontecsystems.com\/fr\/news-events\/","og_locale":"fr_FR","og_type":"article","og_title":"News & Events - Visiontec Systems","og_url":"https:\/\/visiontecsystems.com\/fr\/news-events\/","og_site_name":"Visiontec Systems","article_modified_time":"2026-03-30T13:08:05+00:00","og_image":[{"width":1200,"height":220,"url":"https:\/\/visiontecsystems.com\/wp-content\/uploads\/2023\/05\/banners-customers.jpg","type":"image\/jpeg"}],"twitter_card":"summary_large_image","twitter_misc":{"Dur\u00e9e de lecture estim\u00e9e":"6 minutes"},"schema":{"@context":"https:\/\/schema.org","@graph":[{"@type":"WebPage","@id":"https:\/\/visiontecsystems.com\/news-events\/","url":"https:\/\/visiontecsystems.com\/news-events\/","name":"News & Events - Visiontec Systems","isPartOf":{"@id":"https:\/\/visiontecsystems.com\/#website"},"primaryImageOfPage":{"@id":"https:\/\/visiontecsystems.com\/news-events\/#primaryimage"},"image":{"@id":"https:\/\/visiontecsystems.com\/news-events\/#primaryimage"},"thumbnailUrl":"https:\/\/visiontecsystems.com\/wp-content\/uploads\/2023\/05\/banners-customers.jpg","datePublished":"2023-05-24T10:35:21+00:00","dateModified":"2026-03-30T13:08:05+00:00","breadcrumb":{"@id":"https:\/\/visiontecsystems.com\/news-events\/#breadcrumb"},"inLanguage":"fr-FR","potentialAction":[{"@type":"ReadAction","target":["https:\/\/visiontecsystems.com\/news-events\/"]}]},{"@type":"ImageObject","inLanguage":"fr-FR","@id":"https:\/\/visiontecsystems.com\/news-events\/#primaryimage","url":"https:\/\/visiontecsystems.com\/wp-content\/uploads\/2023\/05\/banners-customers.jpg","contentUrl":"https:\/\/visiontecsystems.com\/wp-content\/uploads\/2023\/05\/banners-customers.jpg","width":1200,"height":220},{"@type":"BreadcrumbList","@id":"https:\/\/visiontecsystems.com\/news-events\/#breadcrumb","itemListElement":[{"@type":"ListItem","position":1,"name":"Home","item":"https:\/\/visiontecsystems.com\/"},{"@type":"ListItem","position":2,"name":"News &#038; Events"}]},{"@type":"WebSite","@id":"https:\/\/visiontecsystems.com\/#website","url":"https:\/\/visiontecsystems.com\/","name":"Syst\u00e8mes Visiontec","description":"Nous connaissons la d\u00e9tection des menaces","publisher":{"@id":"https:\/\/visiontecsystems.com\/#organization"},"potentialAction":[{"@type":"SearchAction","target":{"@type":"EntryPoint","urlTemplate":"https:\/\/visiontecsystems.com\/?s={search_term_string}"},"query-input":{"@type":"PropertyValueSpecification","valueRequired":true,"valueName":"search_term_string"}}],"inLanguage":"fr-FR"},{"@type":"Organization","@id":"https:\/\/visiontecsystems.com\/#organization","name":"Syst\u00e8mes Visiontec","url":"https:\/\/visiontecsystems.com\/","logo":{"@type":"ImageObject","inLanguage":"fr-FR","@id":"https:\/\/visiontecsystems.com\/#\/schema\/logo\/image\/","url":"https:\/\/visiontecsystems.com\/wp-content\/uploads\/2023\/05\/logo-1.png","contentUrl":"https:\/\/visiontecsystems.com\/wp-content\/uploads\/2023\/05\/logo-1.png","width":500,"height":101,"caption":"Visiontec Systems"},"image":{"@id":"https:\/\/visiontecsystems.com\/#\/schema\/logo\/image\/"},"sameAs":["https:\/\/www.linkedin.com\/company\/5281189?trk=tyah&trkInfo=tarId1407863575909tasvisiontecsystemsidx1-1-1"]}]}},"_links":{"self":[{"href":"https:\/\/visiontecsystems.com\/fr\/wp-json\/wp\/v2\/pages\/1944","targetHints":{"allow":["GET"]}}],"collection":[{"href":"https:\/\/visiontecsystems.com\/fr\/wp-json\/wp\/v2\/pages"}],"about":[{"href":"https:\/\/visiontecsystems.com\/fr\/wp-json\/wp\/v2\/types\/page"}],"author":[{"embeddable":true,"href":"https:\/\/visiontecsystems.com\/fr\/wp-json\/wp\/v2\/users\/1"}],"replies":[{"embeddable":true,"href":"https:\/\/visiontecsystems.com\/fr\/wp-json\/wp\/v2\/comments?post=1944"}],"version-history":[{"count":39,"href":"https:\/\/visiontecsystems.com\/fr\/wp-json\/wp\/v2\/pages\/1944\/revisions"}],"predecessor-version":[{"id":3489,"href":"https:\/\/visiontecsystems.com\/fr\/wp-json\/wp\/v2\/pages\/1944\/revisions\/3489"}],"wp:featuredmedia":[{"embeddable":true,"href":"https:\/\/visiontecsystems.com\/fr\/wp-json\/wp\/v2\/media\/1942"}],"wp:attachment":[{"href":"https:\/\/visiontecsystems.com\/fr\/wp-json\/wp\/v2\/media?parent=1944"}],"curies":[{"name":"wp","href":"https:\/\/api.w.org\/{rel}","templated":true}]}}