{"id":1981,"date":"2023-05-24T12:24:42","date_gmt":"2023-05-24T12:24:42","guid":{"rendered":"https:\/\/visiontecsystems.com\/?page_id=1981"},"modified":"2023-06-09T06:49:17","modified_gmt":"2023-06-09T06:49:17","slug":"professional-services","status":"publish","type":"page","link":"https:\/\/visiontecsystems.com\/fr\/professional-services\/","title":{"rendered":"Services professionnels"},"content":{"rendered":"<div class=\"vc_row wpb_row vc_row-fluid vc_custom_1686227118821\"><div class=\"wpb_column vc_column_container vc_col-sm-12\"><div class=\"vc_column-inner\"><div class=\"wpb_wrapper\"><div id=\"ultimate-heading-793069d2b21134bc9\" class=\"uvc-heading ult-adjust-bottom-margin ultimate-heading-793069d2b21134bc9 uvc-2325\" data-hspacer=\"no_spacer\"  data-halign=\"center\" style=\"text-align:center\"><div class=\"uvc-heading-spacer no_spacer\" style=\"top\"><\/div><div class=\"uvc-main-heading ult-responsive\"  data-ultimate-target='.uvc-heading.ultimate-heading-793069d2b21134bc9 h4'  data-responsive-json-new='{\"font-size\":\"\",\"line-height\":\"\"}' ><h4 style=\"font-weight:normal;margin-bottom:30px;\">Nous sommes toujours l\u00e0 pour vous<\/h4><\/div><\/div>\n\t<div class=\"wpb_text_column wpb_content_element\" >\n\t\t<div class=\"wpb_wrapper\">\n\t\t\t<p style=\"text-align: center;\">Vous avez suffisamment de soucis, alors laissez Visiontec se concentrer sur ce que nous savons faire le mieux : vous assurer que vous avez le meilleur syst\u00e8me de s\u00e9curit\u00e9 pour votre organisation.<\/p>\n<p style=\"text-align: center;\">Visiontec Systems propose une assistance et des services pour s'assurer que votre syst\u00e8me de s\u00e9curit\u00e9 est \u00e0 jour, install\u00e9 correctement et qu'il fonctionne de mani\u00e8re optimale. Et si vous avez besoin d'une r\u00e9paration ou d'un service, vous savez que vous pouvez compter sur nous - \u00e0 tout moment.<\/p>\n<p style=\"text-align: center;\">De l'installation \u00e0 la formation, vous pouvez compter sur nous.<\/p>\n\n\t\t<\/div>\n\t<\/div>\n<\/div><\/div><\/div><\/div><div class=\"vc_row wpb_row vc_row-fluid\"><div class=\"wpb_column vc_column_container vc_col-sm-12\"><div class=\"vc_column-inner\"><div class=\"wpb_wrapper\">        \n        <div class=\"threecol\">\n                    \n            <div class=\"col-lg-4 col-md-4 col-sm-6 col-xs-12 sell_services\">\n                        <div>\n                <div class=\"service_wrapper\">\n                    <a href=\"https:\/\/visiontecsystems.com\/fr\/?p=311\" class=\"ico\"><img decoding=\"async\" src=\"https:\/\/visiontecsystems.com\/wp-content\/themes\/the-guard\/images\/sicon.png\" alt=\"Installation and Training\"><\/a>                    <h5><a href=\"https:\/\/visiontecsystems.com\/fr\/?p=311\">Installation et formation<\/a><\/h5>\n                    <p>Protection 24\/7. Des \u00e9conomies exceptionnelles. Pas de contrat annuel. Des projets individuels adapt\u00e9s \u00e0 vos exigences et \u00e0 vos besoins.<\/p>\n                    <a href=\"https:\/\/visiontecsystems.com\/fr\/?p=311\" class=\"more\">En savoir plus <i class=\"fas fa-arrow-right\"><\/i><\/a>\n                <\/div>\n                <div class=\"entry-thumbnail\"><img loading=\"lazy\" decoding=\"async\" width=\"600\" height=\"224\" src=\"https:\/\/visiontecsystems.com\/wp-content\/uploads\/2016\/05\/Installation-and-Training-600x224.jpg\" class=\"attachment-theguard_services size-theguard_services wp-post-image\" alt=\"\" \/>                <\/div>\n            <\/div>\n\n                        <\/div>\n\n                    \n            <div class=\"col-lg-4 col-md-4 col-sm-6 col-xs-12 sell_services\">\n                            <div>\n                <div class=\"entry-thumbnail\"><img loading=\"lazy\" decoding=\"async\" width=\"600\" height=\"217\" src=\"https:\/\/visiontecsystems.com\/wp-content\/uploads\/2016\/05\/Security-Architecture-Design-600x217.jpg\" class=\"attachment-theguard_services size-theguard_services wp-post-image\" alt=\"\" \/>                <\/div>\n                <div class=\"service_wrapper\">\n                    <a href=\"https:\/\/visiontecsystems.com\/fr\/?p=302\" class=\"ico\"><img decoding=\"async\" src=\"https:\/\/visiontecsystems.com\/wp-content\/themes\/the-guard\/images\/sicon.png\" alt=\"Security Architecture Design\"><\/a>                    <h5><a href=\"https:\/\/visiontecsystems.com\/fr\/?p=302\">Conception de l'architecture de s\u00e9curit\u00e9<\/a><\/h5>\n                    <p>Pour toute question difficile, l'agence de d\u00e9tectives priv\u00e9s The Guard apportera une r\u00e9ponse rapide et pertinente.<\/p>\n                    <a href=\"https:\/\/visiontecsystems.com\/fr\/?p=302\" class=\"more\">En savoir plus <i class=\"fas fa-arrow-right\"><\/i><\/a>\n                <\/div>\n                <\/div>\n                        <\/div>\n\n                    \n            <div class=\"col-lg-4 col-md-4 col-sm-6 col-xs-12 sell_services\">\n                        <div>\n                <div class=\"service_wrapper\">\n                    <a href=\"https:\/\/visiontecsystems.com\/fr\/?p=294\" class=\"ico\"><img decoding=\"async\" src=\"https:\/\/visiontecsystems.com\/wp-content\/themes\/the-guard\/images\/sicon.png\" alt=\"Preventative Maintenance\"><\/a>                    <h5><a href=\"https:\/\/visiontecsystems.com\/fr\/?p=294\">Maintenance pr\u00e9ventive<\/a><\/h5>\n                    <p>Un \u00e9quipement de pointe et un ing\u00e9nieur en s\u00e9curit\u00e9 pr\u00eat \u00e0 concevoir et \u00e0 installer le meilleur syst\u00e8me de s\u00e9curit\u00e9.<\/p>\n                    <a href=\"https:\/\/visiontecsystems.com\/fr\/?p=294\" class=\"more\">En savoir plus <i class=\"fas fa-arrow-right\"><\/i><\/a>\n                <\/div>\n                <div class=\"entry-thumbnail\"><img loading=\"lazy\" decoding=\"async\" width=\"600\" height=\"220\" src=\"https:\/\/visiontecsystems.com\/wp-content\/uploads\/2016\/05\/Preventative-Maintenance-600x220.jpg\" class=\"attachment-theguard_services size-theguard_services wp-post-image\" alt=\"\" \/>                <\/div>\n            <\/div>\n\n                        <\/div>\n\n                    \n            <div class=\"col-lg-4 col-md-4 col-sm-6 col-xs-12 sell_services\">\n                            <div>\n                <div class=\"entry-thumbnail\"><img loading=\"lazy\" decoding=\"async\" width=\"600\" height=\"219\" src=\"https:\/\/visiontecsystems.com\/wp-content\/uploads\/2016\/05\/corrective-maintenance-600x219.jpg\" class=\"attachment-theguard_services size-theguard_services wp-post-image\" alt=\"\" \/>                <\/div>\n                <div class=\"service_wrapper\">\n                    <a href=\"https:\/\/visiontecsystems.com\/fr\/?p=293\" class=\"ico\"><img decoding=\"async\" src=\"https:\/\/visiontecsystems.com\/wp-content\/themes\/the-guard\/images\/sicon.png\" alt=\"Corrective Maintenance\"><\/a>                    <h5><a href=\"https:\/\/visiontecsystems.com\/fr\/?p=293\">Maintenance corrective<\/a><\/h5>\n                    <p>Plus de 1000 gardiens dans notre entreprise sont pr\u00eats \u00e0 prot\u00e9ger vos magasins. Envoyez-nous un message pour nous faire part de vos besoins<\/p>\n                    <a href=\"https:\/\/visiontecsystems.com\/fr\/?p=293\" class=\"more\">En savoir plus <i class=\"fas fa-arrow-right\"><\/i><\/a>\n                <\/div>\n                <\/div>\n                        <\/div>\n\n                    \n            <div class=\"col-lg-4 col-md-4 col-sm-6 col-xs-12 sell_services\">\n                        <div>\n                <div class=\"service_wrapper\">\n                    <a href=\"https:\/\/visiontecsystems.com\/fr\/?p=776\" class=\"ico\"><img decoding=\"async\" src=\"https:\/\/visiontecsystems.com\/wp-content\/themes\/the-guard\/images\/sicon.png\" alt=\"Repair and Overhaul\"><\/a>                    <h5><a href=\"https:\/\/visiontecsystems.com\/fr\/?p=776\">R\u00e9paration et r\u00e9vision<\/a><\/h5>\n                    <p>La protection rapproch\u00e9e VIP est toujours pr\u00eate \u00e0 aider ceux qui veulent se sentir en s\u00e9curit\u00e9 et prot\u00e9g\u00e9s dans ce monde en mutation.<\/p>\n                    <a href=\"https:\/\/visiontecsystems.com\/fr\/?p=776\" class=\"more\">En savoir plus <i class=\"fas fa-arrow-right\"><\/i><\/a>\n                <\/div>\n                <div class=\"entry-thumbnail\"><img loading=\"lazy\" decoding=\"async\" width=\"600\" height=\"220\" src=\"https:\/\/visiontecsystems.com\/wp-content\/uploads\/2016\/04\/Repair-and-Overhaul-600x220.jpg\" class=\"attachment-theguard_services size-theguard_services wp-post-image\" alt=\"\" \/>                <\/div>\n            <\/div>\n\n                        <\/div>\n\n                    \n            <div class=\"col-lg-4 col-md-4 col-sm-6 col-xs-12 sell_services\">\n                            <div>\n                <div class=\"entry-thumbnail\"><img loading=\"lazy\" decoding=\"async\" width=\"600\" height=\"220\" src=\"https:\/\/visiontecsystems.com\/wp-content\/uploads\/2023\/05\/Extended-Warranty-and-Service-600x220.jpg\" class=\"attachment-theguard_services size-theguard_services wp-post-image\" alt=\"\" \/>                <\/div>\n                <div class=\"service_wrapper\">\n                    <a href=\"https:\/\/visiontecsystems.com\/fr\/?p=1816\" class=\"ico\"><img decoding=\"async\" src=\"https:\/\/visiontecsystems.com\/wp-content\/themes\/the-guard\/images\/sicon.png\" alt=\"Extended Warranty and Service\"><\/a>                    <h5><a href=\"https:\/\/visiontecsystems.com\/fr\/?p=1816\">Extension de garantie et de service<\/a><\/h5>\n                    <p>La protection rapproch\u00e9e VIP est toujours pr\u00eate \u00e0 aider ceux qui veulent se sentir en s\u00e9curit\u00e9 et prot\u00e9g\u00e9s dans ce monde en mutation.<\/p>\n                    <a href=\"https:\/\/visiontecsystems.com\/fr\/?p=1816\" class=\"more\">En savoir plus <i class=\"fas fa-arrow-right\"><\/i><\/a>\n                <\/div>\n                <\/div>\n                        <\/div>\n\n                <\/div>\n    <\/div><!-- #content -->\n\n            \n\t<div class=\"wpb_text_column wpb_content_element\" >\n\t\t<div class=\"wpb_wrapper\">\n\t\t\t\n\n\t\t<\/div>\n\t<\/div>\n<\/div><\/div><\/div><\/div>","protected":false},"excerpt":{"rendered":"<\/p>","protected":false},"author":1,"featured_media":1983,"parent":0,"menu_order":0,"comment_status":"closed","ping_status":"closed","template":"","meta":{"_acf_changed":false,"footnotes":""},"class_list":["post-1981","page","type-page","status-publish","has-post-thumbnail","hentry"],"acf":[],"yoast_head":"<!-- This site is optimized with the Yoast SEO plugin v27.3 - https:\/\/yoast.com\/product\/yoast-seo-wordpress\/ -->\n<title>Professional Services - Visiontec Systems<\/title>\n<meta name=\"robots\" content=\"index, follow, max-snippet:-1, max-image-preview:large, max-video-preview:-1\" \/>\n<link rel=\"canonical\" href=\"https:\/\/visiontecsystems.com\/fr\/professional-services\/\" \/>\n<meta property=\"og:locale\" content=\"fr_FR\" \/>\n<meta property=\"og:type\" content=\"article\" \/>\n<meta property=\"og:title\" content=\"Professional Services - Visiontec Systems\" \/>\n<meta property=\"og:url\" content=\"https:\/\/visiontecsystems.com\/fr\/professional-services\/\" \/>\n<meta property=\"og:site_name\" content=\"Visiontec Systems\" \/>\n<meta property=\"article:modified_time\" content=\"2023-06-09T06:49:17+00:00\" \/>\n<meta property=\"og:image\" content=\"https:\/\/visiontecsystems.com\/wp-content\/uploads\/2023\/05\/banners-services1.jpg\" \/>\n\t<meta property=\"og:image:width\" content=\"1200\" \/>\n\t<meta property=\"og:image:height\" content=\"220\" \/>\n\t<meta property=\"og:image:type\" content=\"image\/jpeg\" \/>\n<meta name=\"twitter:card\" content=\"summary_large_image\" \/>\n<meta name=\"twitter:label1\" content=\"Dur\u00e9e de lecture estim\u00e9e\" \/>\n\t<meta name=\"twitter:data1\" content=\"1 minute\" \/>\n<script type=\"application\/ld+json\" class=\"yoast-schema-graph\">{\"@context\":\"https:\\\/\\\/schema.org\",\"@graph\":[{\"@type\":\"WebPage\",\"@id\":\"https:\\\/\\\/visiontecsystems.com\\\/professional-services\\\/\",\"url\":\"https:\\\/\\\/visiontecsystems.com\\\/professional-services\\\/\",\"name\":\"Professional Services - Visiontec Systems\",\"isPartOf\":{\"@id\":\"https:\\\/\\\/visiontecsystems.com\\\/#website\"},\"primaryImageOfPage\":{\"@id\":\"https:\\\/\\\/visiontecsystems.com\\\/professional-services\\\/#primaryimage\"},\"image\":{\"@id\":\"https:\\\/\\\/visiontecsystems.com\\\/professional-services\\\/#primaryimage\"},\"thumbnailUrl\":\"https:\\\/\\\/visiontecsystems.com\\\/wp-content\\\/uploads\\\/2023\\\/05\\\/banners-services1.jpg\",\"datePublished\":\"2023-05-24T12:24:42+00:00\",\"dateModified\":\"2023-06-09T06:49:17+00:00\",\"breadcrumb\":{\"@id\":\"https:\\\/\\\/visiontecsystems.com\\\/professional-services\\\/#breadcrumb\"},\"inLanguage\":\"fr-FR\",\"potentialAction\":[{\"@type\":\"ReadAction\",\"target\":[\"https:\\\/\\\/visiontecsystems.com\\\/professional-services\\\/\"]}]},{\"@type\":\"ImageObject\",\"inLanguage\":\"fr-FR\",\"@id\":\"https:\\\/\\\/visiontecsystems.com\\\/professional-services\\\/#primaryimage\",\"url\":\"https:\\\/\\\/visiontecsystems.com\\\/wp-content\\\/uploads\\\/2023\\\/05\\\/banners-services1.jpg\",\"contentUrl\":\"https:\\\/\\\/visiontecsystems.com\\\/wp-content\\\/uploads\\\/2023\\\/05\\\/banners-services1.jpg\",\"width\":1200,\"height\":220},{\"@type\":\"BreadcrumbList\",\"@id\":\"https:\\\/\\\/visiontecsystems.com\\\/professional-services\\\/#breadcrumb\",\"itemListElement\":[{\"@type\":\"ListItem\",\"position\":1,\"name\":\"Home\",\"item\":\"https:\\\/\\\/visiontecsystems.com\\\/\"},{\"@type\":\"ListItem\",\"position\":2,\"name\":\"Professional Services\"}]},{\"@type\":\"WebSite\",\"@id\":\"https:\\\/\\\/visiontecsystems.com\\\/#website\",\"url\":\"https:\\\/\\\/visiontecsystems.com\\\/\",\"name\":\"Visiontec Systems\",\"description\":\"We Know Threat Detection\",\"publisher\":{\"@id\":\"https:\\\/\\\/visiontecsystems.com\\\/#organization\"},\"potentialAction\":[{\"@type\":\"SearchAction\",\"target\":{\"@type\":\"EntryPoint\",\"urlTemplate\":\"https:\\\/\\\/visiontecsystems.com\\\/?s={search_term_string}\"},\"query-input\":{\"@type\":\"PropertyValueSpecification\",\"valueRequired\":true,\"valueName\":\"search_term_string\"}}],\"inLanguage\":\"fr-FR\"},{\"@type\":\"Organization\",\"@id\":\"https:\\\/\\\/visiontecsystems.com\\\/#organization\",\"name\":\"Visiontec Systems\",\"url\":\"https:\\\/\\\/visiontecsystems.com\\\/\",\"logo\":{\"@type\":\"ImageObject\",\"inLanguage\":\"fr-FR\",\"@id\":\"https:\\\/\\\/visiontecsystems.com\\\/#\\\/schema\\\/logo\\\/image\\\/\",\"url\":\"https:\\\/\\\/visiontecsystems.com\\\/wp-content\\\/uploads\\\/2023\\\/05\\\/logo-1.png\",\"contentUrl\":\"https:\\\/\\\/visiontecsystems.com\\\/wp-content\\\/uploads\\\/2023\\\/05\\\/logo-1.png\",\"width\":500,\"height\":101,\"caption\":\"Visiontec Systems\"},\"image\":{\"@id\":\"https:\\\/\\\/visiontecsystems.com\\\/#\\\/schema\\\/logo\\\/image\\\/\"},\"sameAs\":[\"https:\\\/\\\/www.linkedin.com\\\/company\\\/5281189?trk=tyah&trkInfo=tarId1407863575909tasvisiontecsystemsidx1-1-1\"]}]}<\/script>\n<!-- \/ Yoast SEO plugin. -->","yoast_head_json":{"title":"Professional Services - Visiontec Systems","robots":{"index":"index","follow":"follow","max-snippet":"max-snippet:-1","max-image-preview":"max-image-preview:large","max-video-preview":"max-video-preview:-1"},"canonical":"https:\/\/visiontecsystems.com\/fr\/professional-services\/","og_locale":"fr_FR","og_type":"article","og_title":"Professional Services - Visiontec Systems","og_url":"https:\/\/visiontecsystems.com\/fr\/professional-services\/","og_site_name":"Visiontec Systems","article_modified_time":"2023-06-09T06:49:17+00:00","og_image":[{"width":1200,"height":220,"url":"https:\/\/visiontecsystems.com\/wp-content\/uploads\/2023\/05\/banners-services1.jpg","type":"image\/jpeg"}],"twitter_card":"summary_large_image","twitter_misc":{"Dur\u00e9e de lecture estim\u00e9e":"1 minute"},"schema":{"@context":"https:\/\/schema.org","@graph":[{"@type":"WebPage","@id":"https:\/\/visiontecsystems.com\/professional-services\/","url":"https:\/\/visiontecsystems.com\/professional-services\/","name":"Professional Services - Visiontec Systems","isPartOf":{"@id":"https:\/\/visiontecsystems.com\/#website"},"primaryImageOfPage":{"@id":"https:\/\/visiontecsystems.com\/professional-services\/#primaryimage"},"image":{"@id":"https:\/\/visiontecsystems.com\/professional-services\/#primaryimage"},"thumbnailUrl":"https:\/\/visiontecsystems.com\/wp-content\/uploads\/2023\/05\/banners-services1.jpg","datePublished":"2023-05-24T12:24:42+00:00","dateModified":"2023-06-09T06:49:17+00:00","breadcrumb":{"@id":"https:\/\/visiontecsystems.com\/professional-services\/#breadcrumb"},"inLanguage":"fr-FR","potentialAction":[{"@type":"ReadAction","target":["https:\/\/visiontecsystems.com\/professional-services\/"]}]},{"@type":"ImageObject","inLanguage":"fr-FR","@id":"https:\/\/visiontecsystems.com\/professional-services\/#primaryimage","url":"https:\/\/visiontecsystems.com\/wp-content\/uploads\/2023\/05\/banners-services1.jpg","contentUrl":"https:\/\/visiontecsystems.com\/wp-content\/uploads\/2023\/05\/banners-services1.jpg","width":1200,"height":220},{"@type":"BreadcrumbList","@id":"https:\/\/visiontecsystems.com\/professional-services\/#breadcrumb","itemListElement":[{"@type":"ListItem","position":1,"name":"Home","item":"https:\/\/visiontecsystems.com\/"},{"@type":"ListItem","position":2,"name":"Professional Services"}]},{"@type":"WebSite","@id":"https:\/\/visiontecsystems.com\/#website","url":"https:\/\/visiontecsystems.com\/","name":"Syst\u00e8mes Visiontec","description":"Nous connaissons la d\u00e9tection des menaces","publisher":{"@id":"https:\/\/visiontecsystems.com\/#organization"},"potentialAction":[{"@type":"SearchAction","target":{"@type":"EntryPoint","urlTemplate":"https:\/\/visiontecsystems.com\/?s={search_term_string}"},"query-input":{"@type":"PropertyValueSpecification","valueRequired":true,"valueName":"search_term_string"}}],"inLanguage":"fr-FR"},{"@type":"Organization","@id":"https:\/\/visiontecsystems.com\/#organization","name":"Syst\u00e8mes Visiontec","url":"https:\/\/visiontecsystems.com\/","logo":{"@type":"ImageObject","inLanguage":"fr-FR","@id":"https:\/\/visiontecsystems.com\/#\/schema\/logo\/image\/","url":"https:\/\/visiontecsystems.com\/wp-content\/uploads\/2023\/05\/logo-1.png","contentUrl":"https:\/\/visiontecsystems.com\/wp-content\/uploads\/2023\/05\/logo-1.png","width":500,"height":101,"caption":"Visiontec Systems"},"image":{"@id":"https:\/\/visiontecsystems.com\/#\/schema\/logo\/image\/"},"sameAs":["https:\/\/www.linkedin.com\/company\/5281189?trk=tyah&trkInfo=tarId1407863575909tasvisiontecsystemsidx1-1-1"]}]}},"_links":{"self":[{"href":"https:\/\/visiontecsystems.com\/fr\/wp-json\/wp\/v2\/pages\/1981","targetHints":{"allow":["GET"]}}],"collection":[{"href":"https:\/\/visiontecsystems.com\/fr\/wp-json\/wp\/v2\/pages"}],"about":[{"href":"https:\/\/visiontecsystems.com\/fr\/wp-json\/wp\/v2\/types\/page"}],"author":[{"embeddable":true,"href":"https:\/\/visiontecsystems.com\/fr\/wp-json\/wp\/v2\/users\/1"}],"replies":[{"embeddable":true,"href":"https:\/\/visiontecsystems.com\/fr\/wp-json\/wp\/v2\/comments?post=1981"}],"version-history":[{"count":7,"href":"https:\/\/visiontecsystems.com\/fr\/wp-json\/wp\/v2\/pages\/1981\/revisions"}],"predecessor-version":[{"id":2403,"href":"https:\/\/visiontecsystems.com\/fr\/wp-json\/wp\/v2\/pages\/1981\/revisions\/2403"}],"wp:featuredmedia":[{"embeddable":true,"href":"https:\/\/visiontecsystems.com\/fr\/wp-json\/wp\/v2\/media\/1983"}],"wp:attachment":[{"href":"https:\/\/visiontecsystems.com\/fr\/wp-json\/wp\/v2\/media?parent=1981"}],"curies":[{"name":"wp","href":"https:\/\/api.w.org\/{rel}","templated":true}]}}