{"id":2116,"date":"2023-05-30T10:07:49","date_gmt":"2023-05-30T10:07:49","guid":{"rendered":"https:\/\/visiontecsystems.com\/?page_id=2116"},"modified":"2023-06-16T05:46:50","modified_gmt":"2023-06-16T05:46:50","slug":"products","status":"publish","type":"page","link":"https:\/\/visiontecsystems.com\/fr\/products\/","title":{"rendered":"Produits"},"content":{"rendered":"<div class=\"vc_row wpb_row vc_row-fluid wpb_animate_when_almost_visible wpb_fadeInLeft fadeInLeft\"><div class=\"wpb_column vc_column_container vc_col-sm-12\"><div class=\"vc_column-inner\"><div class=\"wpb_wrapper\"><div class=\"vc_row wpb_row vc_inner vc_row-fluid vc_column-gap-30 vc_row-o-equal-height vc_row-o-content-middle vc_row-flex\"><div class=\"wpb_column vc_column_container vc_col-sm-12\"><div class=\"vc_column-inner\"><div class=\"wpb_wrapper\"><div id=\"ultimate-heading-874669d29aa7bb4ce\" class=\"uvc-heading ult-adjust-bottom-margin ultimate-heading-874669d29aa7bb4ce uvc-9404\" data-hspacer=\"no_spacer\"  data-halign=\"center\" style=\"text-align:center\"><div class=\"uvc-heading-spacer no_spacer\" style=\"top\"><\/div><div class=\"uvc-main-heading ult-responsive\"  data-ultimate-target='.uvc-heading.ultimate-heading-874669d29aa7bb4ce h1'  data-responsive-json-new='{\"font-size\":\"\",\"line-height\":\"\"}' ><h1 style=\"font-weight:normal;margin-bottom:40px;\">La meilleure protection contre un large \u00e9ventail de menaces<\/h1><\/div><\/div>\n\t<div class=\"wpb_text_column wpb_content_element\" >\n\t\t<div class=\"wpb_wrapper\">\n\t\t\t<p style=\"text-align: center;\">Choisissez les derniers produits de s\u00e9curit\u00e9 et de d\u00e9tection qui prot\u00e8gent les personnes, les installations publiques et militaires et les infrastructures.<\/p>\n\n\t\t<\/div>\n\t<\/div>\n\n\t<div class=\"wpb_text_column wpb_content_element\" >\n\t\t<div class=\"wpb_wrapper\">\n\t\t\t<p style=\"text-align: center;\">Visiontec ajoute constamment de nouveaux produits innovants. Si vous ne trouvez pas le produit que vous recherchez, veuillez nous contacter pour plus d'informations.<\/p>\n\n\t\t<\/div>\n\t<\/div>\n<\/div><\/div><\/div><\/div><div class=\"vc_row wpb_row vc_inner vc_row-fluid vc_column-gap-30 vc_row-o-equal-height vc_row-o-content-middle vc_row-flex\"><div class=\"wpb_column vc_column_container vc_col-sm-6\"><div class=\"vc_column-inner\"><div class=\"wpb_wrapper\"><div id=\"ultimate-heading-71769d29aa7bbabb\" class=\"uvc-heading ult-adjust-bottom-margin ultimate-heading-71769d29aa7bbabb uvc-312\" data-hspacer=\"no_spacer\"  data-halign=\"left\" style=\"text-align:left\"><div class=\"uvc-heading-spacer no_spacer\" style=\"top\"><\/div><div class=\"uvc-main-heading ult-responsive\"  data-ultimate-target='.uvc-heading.ultimate-heading-71769d29aa7bbabb h5'  data-responsive-json-new='{\"font-size\":\"\",\"line-height\":\"\"}' ><h5 style=\"font-weight:bold;margin-bottom:10px;\">IDENTIFICATION ET SURVEILLANCE<\/h5><\/div><\/div>\n\t<div class=\"wpb_text_column wpb_content_element\" >\n\t\t<div class=\"wpb_wrapper\">\n\t\t\t<p>Une gamme compl\u00e8te de produits CBRNE, HazMat et d'intervention d'urgence, allant de la d\u00e9tection, l'identification et la mesure \u00e0 la d\u00e9contamination, l'\u00e9quipement de protection et le soutien tactique.<\/p>\n\n\t\t<\/div>\n\t<\/div>\n<div class=\"vc_btn3-container  btn btn-info vc_btn3-left\" ><a class=\"vc_general vc_btn3 vc_btn3-size-md vc_btn3-shape-rounded vc_btn3-style-modern vc_btn3-color-grey\" href=\"https:\/\/visiontecsystems.com\/fr\/categorie-produit\/id-surveillance\/\" title=\"\">En savoir plus<\/a><\/div><\/div><\/div><\/div><div class=\"wpb_column vc_column_container vc_col-sm-6\"><div class=\"vc_column-inner\"><div class=\"wpb_wrapper\">\n\t<div  class=\"wpb_single_image wpb_content_element vc_align_center   box-shadow\">\n\t\t\n\t\t<figure class=\"wpb_wrapper vc_figure\">\n\t\t\t<div class=\"vc_single_image-wrapper vc_box_shadow  vc_box_border_grey\"><img loading=\"lazy\" decoding=\"async\" width=\"2000\" height=\"1333\" src=\"https:\/\/visiontecsystems.com\/wp-content\/uploads\/2023\/06\/ID-SURVEILLANCE.jpg\" class=\"vc_single_image-img attachment-full\" alt=\"\" srcset=\"https:\/\/visiontecsystems.com\/wp-content\/uploads\/2023\/06\/ID-SURVEILLANCE.jpg 2000w, https:\/\/visiontecsystems.com\/wp-content\/uploads\/2023\/06\/ID-SURVEILLANCE-300x200.jpg 300w, https:\/\/visiontecsystems.com\/wp-content\/uploads\/2023\/06\/ID-SURVEILLANCE-1024x682.jpg 1024w, https:\/\/visiontecsystems.com\/wp-content\/uploads\/2023\/06\/ID-SURVEILLANCE-768x512.jpg 768w, https:\/\/visiontecsystems.com\/wp-content\/uploads\/2023\/06\/ID-SURVEILLANCE-1536x1024.jpg 1536w, https:\/\/visiontecsystems.com\/wp-content\/uploads\/2023\/06\/ID-SURVEILLANCE-600x400.jpg 600w\" sizes=\"auto, (max-width: 2000px) 100vw, 2000px\" \/><\/div>\n\t\t<\/figure>\n\t<\/div>\n<\/div><\/div><\/div><\/div><div class=\"vc_row wpb_row vc_inner vc_row-fluid vc_column-gap-30 vc_row-o-equal-height vc_row-o-content-middle vc_row-flex\"><div class=\"wpb_column vc_column_container vc_col-sm-6\"><div class=\"vc_column-inner\"><div class=\"wpb_wrapper\">\n\t<div  class=\"wpb_single_image wpb_content_element vc_align_center   box-shadow\">\n\t\t\n\t\t<figure class=\"wpb_wrapper vc_figure\">\n\t\t\t<div class=\"vc_single_image-wrapper vc_box_shadow  vc_box_border_grey\"><img loading=\"lazy\" decoding=\"async\" width=\"2000\" height=\"1333\" src=\"https:\/\/visiontecsystems.com\/wp-content\/uploads\/2023\/06\/DETECTION.jpg\" class=\"vc_single_image-img attachment-full\" alt=\"\" srcset=\"https:\/\/visiontecsystems.com\/wp-content\/uploads\/2023\/06\/DETECTION.jpg 2000w, https:\/\/visiontecsystems.com\/wp-content\/uploads\/2023\/06\/DETECTION-300x200.jpg 300w, https:\/\/visiontecsystems.com\/wp-content\/uploads\/2023\/06\/DETECTION-1024x682.jpg 1024w, https:\/\/visiontecsystems.com\/wp-content\/uploads\/2023\/06\/DETECTION-768x512.jpg 768w, https:\/\/visiontecsystems.com\/wp-content\/uploads\/2023\/06\/DETECTION-1536x1024.jpg 1536w, https:\/\/visiontecsystems.com\/wp-content\/uploads\/2023\/06\/DETECTION-600x400.jpg 600w\" sizes=\"auto, (max-width: 2000px) 100vw, 2000px\" \/><\/div>\n\t\t<\/figure>\n\t<\/div>\n<\/div><\/div><\/div><div class=\"wpb_column vc_column_container vc_col-sm-6\"><div class=\"vc_column-inner\"><div class=\"wpb_wrapper\"><div id=\"ultimate-heading-224669d29aa7bd85a\" class=\"uvc-heading ult-adjust-bottom-margin ultimate-heading-224669d29aa7bd85a uvc-6948\" data-hspacer=\"no_spacer\"  data-halign=\"left\" style=\"text-align:left\"><div class=\"uvc-heading-spacer no_spacer\" style=\"top\"><\/div><div class=\"uvc-main-heading ult-responsive\"  data-ultimate-target='.uvc-heading.ultimate-heading-224669d29aa7bd85a h5'  data-responsive-json-new='{\"font-size\":\"\",\"line-height\":\"\"}' ><h5 style=\"font-weight:bold;margin-bottom:10px;\">D\u00c9TECTION<\/h5><\/div><\/div>\n\t<div class=\"wpb_text_column wpb_content_element\" >\n\t\t<div class=\"wpb_wrapper\">\n\t\t\t<p>Une gamme compl\u00e8te de produits CBRNE, HazMat et d'intervention d'urgence, allant de la d\u00e9tection, l'identification et la mesure \u00e0 la d\u00e9contamination, l'\u00e9quipement de protection et le soutien tactique.<\/p>\n\n\t\t<\/div>\n\t<\/div>\n<div class=\"vc_btn3-container  btn btn-info vc_btn3-left\" ><a class=\"vc_general vc_btn3 vc_btn3-size-md vc_btn3-shape-rounded vc_btn3-style-modern vc_btn3-color-grey\" href=\"https:\/\/visiontecsystems.com\/fr\/categorie-produit\/detection\/\" title=\"\">En savoir plus<\/a><\/div><\/div><\/div><\/div><\/div><div class=\"vc_row wpb_row vc_inner vc_row-fluid vc_column-gap-30 vc_row-o-equal-height vc_row-o-content-middle vc_row-flex\"><div class=\"wpb_column vc_column_container vc_col-sm-6\"><div class=\"vc_column-inner\"><div class=\"wpb_wrapper\"><div id=\"ultimate-heading-481869d29aa7bdce4\" class=\"uvc-heading ult-adjust-bottom-margin ultimate-heading-481869d29aa7bdce4 uvc-4388\" data-hspacer=\"no_spacer\"  data-halign=\"left\" style=\"text-align:left\"><div class=\"uvc-heading-spacer no_spacer\" style=\"top\"><\/div><div class=\"uvc-main-heading ult-responsive\"  data-ultimate-target='.uvc-heading.ultimate-heading-481869d29aa7bdce4 h5'  data-responsive-json-new='{\"font-size\":\"\",\"line-height\":\"\"}' ><h5 style=\"font-weight:bold;margin-bottom:10px;\">PREMIER INTERVENANT<\/h5><\/div><\/div>\n\t<div class=\"wpb_text_column wpb_content_element\" >\n\t\t<div class=\"wpb_wrapper\">\n\t\t\t<p>Une gamme compl\u00e8te de produits CBRNE, HazMat et d'intervention d'urgence, allant de la d\u00e9tection, l'identification et la mesure \u00e0 la d\u00e9contamination, l'\u00e9quipement de protection et le soutien tactique.<\/p>\n\n\t\t<\/div>\n\t<\/div>\n<div class=\"vc_btn3-container  btn btn-info vc_btn3-left\" ><a class=\"vc_general vc_btn3 vc_btn3-size-md vc_btn3-shape-rounded vc_btn3-style-modern vc_btn3-color-grey\" href=\"https:\/\/visiontecsystems.com\/fr\/categorie-produit\/first-responder-equipment\/\" title=\"\">En savoir plus<\/a><\/div><\/div><\/div><\/div><div class=\"wpb_column vc_column_container vc_col-sm-6\"><div class=\"vc_column-inner\"><div class=\"wpb_wrapper\">\n\t<div  class=\"wpb_single_image wpb_content_element vc_align_center   box-shadow\">\n\t\t\n\t\t<figure class=\"wpb_wrapper vc_figure\">\n\t\t\t<div class=\"vc_single_image-wrapper vc_box_shadow  vc_box_border_grey\"><img loading=\"lazy\" decoding=\"async\" width=\"2000\" height=\"1333\" src=\"https:\/\/visiontecsystems.com\/wp-content\/uploads\/2023\/06\/First-Responder-Equipment.jpg\" class=\"vc_single_image-img attachment-full\" alt=\"\" srcset=\"https:\/\/visiontecsystems.com\/wp-content\/uploads\/2023\/06\/First-Responder-Equipment.jpg 2000w, https:\/\/visiontecsystems.com\/wp-content\/uploads\/2023\/06\/First-Responder-Equipment-300x200.jpg 300w, https:\/\/visiontecsystems.com\/wp-content\/uploads\/2023\/06\/First-Responder-Equipment-1024x682.jpg 1024w, https:\/\/visiontecsystems.com\/wp-content\/uploads\/2023\/06\/First-Responder-Equipment-768x512.jpg 768w, https:\/\/visiontecsystems.com\/wp-content\/uploads\/2023\/06\/First-Responder-Equipment-1536x1024.jpg 1536w, https:\/\/visiontecsystems.com\/wp-content\/uploads\/2023\/06\/First-Responder-Equipment-600x400.jpg 600w\" sizes=\"auto, (max-width: 2000px) 100vw, 2000px\" \/><\/div>\n\t\t<\/figure>\n\t<\/div>\n<\/div><\/div><\/div><\/div><\/div><\/div><\/div><\/div>","protected":false},"excerpt":{"rendered":"<\/p>","protected":false},"author":1,"featured_media":0,"parent":0,"menu_order":0,"comment_status":"closed","ping_status":"closed","template":"","meta":{"_acf_changed":false,"footnotes":""},"class_list":["post-2116","page","type-page","status-publish","hentry"],"acf":[],"yoast_head":"<!-- This site is optimized with the Yoast SEO plugin v27.3 - https:\/\/yoast.com\/product\/yoast-seo-wordpress\/ -->\n<title>Products - Visiontec Systems<\/title>\n<meta name=\"robots\" content=\"index, follow, max-snippet:-1, max-image-preview:large, max-video-preview:-1\" \/>\n<link rel=\"canonical\" href=\"https:\/\/visiontecsystems.com\/fr\/products\/\" \/>\n<meta property=\"og:locale\" content=\"fr_FR\" \/>\n<meta property=\"og:type\" content=\"article\" \/>\n<meta property=\"og:title\" content=\"Products - Visiontec Systems\" \/>\n<meta property=\"og:url\" content=\"https:\/\/visiontecsystems.com\/fr\/products\/\" \/>\n<meta property=\"og:site_name\" content=\"Visiontec Systems\" \/>\n<meta property=\"article:modified_time\" content=\"2023-06-16T05:46:50+00:00\" \/>\n<meta name=\"twitter:card\" content=\"summary_large_image\" \/>\n<meta name=\"twitter:label1\" content=\"Dur\u00e9e de lecture estim\u00e9e\" \/>\n\t<meta name=\"twitter:data1\" content=\"2 minutes\" \/>\n<script type=\"application\/ld+json\" class=\"yoast-schema-graph\">{\"@context\":\"https:\\\/\\\/schema.org\",\"@graph\":[{\"@type\":\"WebPage\",\"@id\":\"https:\\\/\\\/visiontecsystems.com\\\/products\\\/\",\"url\":\"https:\\\/\\\/visiontecsystems.com\\\/products\\\/\",\"name\":\"Products - Visiontec Systems\",\"isPartOf\":{\"@id\":\"https:\\\/\\\/visiontecsystems.com\\\/#website\"},\"datePublished\":\"2023-05-30T10:07:49+00:00\",\"dateModified\":\"2023-06-16T05:46:50+00:00\",\"breadcrumb\":{\"@id\":\"https:\\\/\\\/visiontecsystems.com\\\/products\\\/#breadcrumb\"},\"inLanguage\":\"fr-FR\",\"potentialAction\":[{\"@type\":\"ReadAction\",\"target\":[\"https:\\\/\\\/visiontecsystems.com\\\/products\\\/\"]}]},{\"@type\":\"BreadcrumbList\",\"@id\":\"https:\\\/\\\/visiontecsystems.com\\\/products\\\/#breadcrumb\",\"itemListElement\":[{\"@type\":\"ListItem\",\"position\":1,\"name\":\"Home\",\"item\":\"https:\\\/\\\/visiontecsystems.com\\\/\"},{\"@type\":\"ListItem\",\"position\":2,\"name\":\"Products\"}]},{\"@type\":\"WebSite\",\"@id\":\"https:\\\/\\\/visiontecsystems.com\\\/#website\",\"url\":\"https:\\\/\\\/visiontecsystems.com\\\/\",\"name\":\"Visiontec Systems\",\"description\":\"We Know Threat Detection\",\"publisher\":{\"@id\":\"https:\\\/\\\/visiontecsystems.com\\\/#organization\"},\"potentialAction\":[{\"@type\":\"SearchAction\",\"target\":{\"@type\":\"EntryPoint\",\"urlTemplate\":\"https:\\\/\\\/visiontecsystems.com\\\/?s={search_term_string}\"},\"query-input\":{\"@type\":\"PropertyValueSpecification\",\"valueRequired\":true,\"valueName\":\"search_term_string\"}}],\"inLanguage\":\"fr-FR\"},{\"@type\":\"Organization\",\"@id\":\"https:\\\/\\\/visiontecsystems.com\\\/#organization\",\"name\":\"Visiontec Systems\",\"url\":\"https:\\\/\\\/visiontecsystems.com\\\/\",\"logo\":{\"@type\":\"ImageObject\",\"inLanguage\":\"fr-FR\",\"@id\":\"https:\\\/\\\/visiontecsystems.com\\\/#\\\/schema\\\/logo\\\/image\\\/\",\"url\":\"https:\\\/\\\/visiontecsystems.com\\\/wp-content\\\/uploads\\\/2023\\\/05\\\/logo-1.png\",\"contentUrl\":\"https:\\\/\\\/visiontecsystems.com\\\/wp-content\\\/uploads\\\/2023\\\/05\\\/logo-1.png\",\"width\":500,\"height\":101,\"caption\":\"Visiontec Systems\"},\"image\":{\"@id\":\"https:\\\/\\\/visiontecsystems.com\\\/#\\\/schema\\\/logo\\\/image\\\/\"},\"sameAs\":[\"https:\\\/\\\/www.linkedin.com\\\/company\\\/5281189?trk=tyah&trkInfo=tarId1407863575909tasvisiontecsystemsidx1-1-1\"]}]}<\/script>\n<!-- \/ Yoast SEO plugin. -->","yoast_head_json":{"title":"Products - Visiontec Systems","robots":{"index":"index","follow":"follow","max-snippet":"max-snippet:-1","max-image-preview":"max-image-preview:large","max-video-preview":"max-video-preview:-1"},"canonical":"https:\/\/visiontecsystems.com\/fr\/products\/","og_locale":"fr_FR","og_type":"article","og_title":"Products - Visiontec Systems","og_url":"https:\/\/visiontecsystems.com\/fr\/products\/","og_site_name":"Visiontec Systems","article_modified_time":"2023-06-16T05:46:50+00:00","twitter_card":"summary_large_image","twitter_misc":{"Dur\u00e9e de lecture estim\u00e9e":"2 minutes"},"schema":{"@context":"https:\/\/schema.org","@graph":[{"@type":"WebPage","@id":"https:\/\/visiontecsystems.com\/products\/","url":"https:\/\/visiontecsystems.com\/products\/","name":"Products - Visiontec Systems","isPartOf":{"@id":"https:\/\/visiontecsystems.com\/#website"},"datePublished":"2023-05-30T10:07:49+00:00","dateModified":"2023-06-16T05:46:50+00:00","breadcrumb":{"@id":"https:\/\/visiontecsystems.com\/products\/#breadcrumb"},"inLanguage":"fr-FR","potentialAction":[{"@type":"ReadAction","target":["https:\/\/visiontecsystems.com\/products\/"]}]},{"@type":"BreadcrumbList","@id":"https:\/\/visiontecsystems.com\/products\/#breadcrumb","itemListElement":[{"@type":"ListItem","position":1,"name":"Home","item":"https:\/\/visiontecsystems.com\/"},{"@type":"ListItem","position":2,"name":"Products"}]},{"@type":"WebSite","@id":"https:\/\/visiontecsystems.com\/#website","url":"https:\/\/visiontecsystems.com\/","name":"Syst\u00e8mes Visiontec","description":"Nous connaissons la d\u00e9tection des menaces","publisher":{"@id":"https:\/\/visiontecsystems.com\/#organization"},"potentialAction":[{"@type":"SearchAction","target":{"@type":"EntryPoint","urlTemplate":"https:\/\/visiontecsystems.com\/?s={search_term_string}"},"query-input":{"@type":"PropertyValueSpecification","valueRequired":true,"valueName":"search_term_string"}}],"inLanguage":"fr-FR"},{"@type":"Organization","@id":"https:\/\/visiontecsystems.com\/#organization","name":"Syst\u00e8mes Visiontec","url":"https:\/\/visiontecsystems.com\/","logo":{"@type":"ImageObject","inLanguage":"fr-FR","@id":"https:\/\/visiontecsystems.com\/#\/schema\/logo\/image\/","url":"https:\/\/visiontecsystems.com\/wp-content\/uploads\/2023\/05\/logo-1.png","contentUrl":"https:\/\/visiontecsystems.com\/wp-content\/uploads\/2023\/05\/logo-1.png","width":500,"height":101,"caption":"Visiontec Systems"},"image":{"@id":"https:\/\/visiontecsystems.com\/#\/schema\/logo\/image\/"},"sameAs":["https:\/\/www.linkedin.com\/company\/5281189?trk=tyah&trkInfo=tarId1407863575909tasvisiontecsystemsidx1-1-1"]}]}},"_links":{"self":[{"href":"https:\/\/visiontecsystems.com\/fr\/wp-json\/wp\/v2\/pages\/2116","targetHints":{"allow":["GET"]}}],"collection":[{"href":"https:\/\/visiontecsystems.com\/fr\/wp-json\/wp\/v2\/pages"}],"about":[{"href":"https:\/\/visiontecsystems.com\/fr\/wp-json\/wp\/v2\/types\/page"}],"author":[{"embeddable":true,"href":"https:\/\/visiontecsystems.com\/fr\/wp-json\/wp\/v2\/users\/1"}],"replies":[{"embeddable":true,"href":"https:\/\/visiontecsystems.com\/fr\/wp-json\/wp\/v2\/comments?post=2116"}],"version-history":[{"count":56,"href":"https:\/\/visiontecsystems.com\/fr\/wp-json\/wp\/v2\/pages\/2116\/revisions"}],"predecessor-version":[{"id":2488,"href":"https:\/\/visiontecsystems.com\/fr\/wp-json\/wp\/v2\/pages\/2116\/revisions\/2488"}],"wp:attachment":[{"href":"https:\/\/visiontecsystems.com\/fr\/wp-json\/wp\/v2\/media?parent=2116"}],"curies":[{"name":"wp","href":"https:\/\/api.w.org\/{rel}","templated":true}]}}