{"id":3357,"date":"2023-12-19T11:35:12","date_gmt":"2023-12-19T11:35:12","guid":{"rendered":"https:\/\/visiontecsystems.com\/?page_id=3357"},"modified":"2023-12-19T11:57:07","modified_gmt":"2023-12-19T11:57:07","slug":"blog","status":"publish","type":"page","link":"https:\/\/visiontecsystems.com\/fr\/blog\/","title":{"rendered":"Blog"},"content":{"rendered":"<div data-vc-full-width=\"true\" data-vc-full-width-init=\"false\" class=\"vc_row wpb_row vc_row-fluid vc_custom_1702987023746 vc_row-has-fill\"><div class=\"wpb_column vc_column_container vc_col-sm-12\"><div class=\"vc_column-inner\"><div class=\"wpb_wrapper\"><div class=\"vc_empty_space\"   style=\"height: 30px\"><span class=\"vc_empty_space_inner\"><\/span><\/div>\n<div class=\"vc_grid-container-wrapper vc_clearfix\">\n\t<div class=\"vc_grid-container vc_clearfix wpb_content_element vc_basic_grid blogs_section\" data-initial-loading-animation=\"fadeIn\" data-vc-grid-settings=\"{&quot;page_id&quot;:3357,&quot;style&quot;:&quot;all&quot;,&quot;action&quot;:&quot;vc_get_vc_grid_data&quot;,&quot;shortcode_id&quot;:&quot;1702986997905-58a5266d-438c-1&quot;,&quot;tag&quot;:&quot;vc_basic_grid&quot;}\" data-vc-request=\"https:\/\/visiontecsystems.com\/wp-admin\/admin-ajax.php\" data-vc-post-id=\"3357\" data-vc-public-nonce=\"9bd41cadf8\">\n\t\t<style data-type=\"vc_shortcodes-custom-css\">.vc_custom_1419240516480{background-color: #f9f9f9 !important;}<\/style><div class=\"vc_grid vc_row vc_grid-gutter-30px vc_pageable-wrapper vc_hook_hover\" data-vc-pageable-content=\"true\"><div class=\"vc_pageable-slide-wrapper vc_clearfix\" data-vc-grid-content=\"true\"><div class=\"vc_grid-item vc_clearfix vc_col-sm-4 vc_grid-item-zone-c-bottom\"><div class=\"vc_grid-item-mini vc_clearfix\"><div class=\"vc_gitem-animated-block\" \"><div class=\"vc_gitem-zone vc_gitem-zone-a vc-gitem-zone-height-mode-auto vc-gitem-zone-height-mode-auto-1-1 vc_gitem-is-link\" style=\"background-image: url('https:\/\/visiontecsystems.com\/wp-content\/uploads\/2023\/09\/blog-2-1024x887.jpg') !important;\"><a href=\"https:\/\/visiontecsystems.com\/fr\/5-factors-to-keep-in-mind-when-renting-security-equipment-for-public-events\/\" title=\"5 facteurs \u00e0 prendre en compte lors de la location d&#039;\u00e9quipements de s\u00e9curit\u00e9 pour des \u00e9v\u00e9nements publics\" class=\"vc_gitem-link vc-zone-link\"><\/a><img decoding=\"async\" src=\"https:\/\/visiontecsystems.com\/wp-content\/uploads\/2023\/09\/blog-2-1024x887.jpg\" class=\"vc_gitem-zone-img\" alt=\"\"><div class=\"vc_gitem-zone-mini\"><\/div><\/div><\/div><div class=\"vc_gitem-zone vc_gitem-zone-c vc_custom_1419240516480\"><div class=\"vc_gitem-zone-mini\"><div class=\"vc_gitem_row vc_row vc_gitem-row-position-top\"><div class=\"vc_col-sm-12 vc_gitem-col vc_gitem-col-align-\"><div class=\"vc_custom_heading vc_gitem-post-data vc_gitem-post-data-source-post_title\" ><h4 style=\"text-align: left\" >5 facteurs \u00e0 prendre en compte lors de la location d'\u00e9quipements de s\u00e9curit\u00e9 pour des \u00e9v\u00e9nements publics<\/h4><\/div><div class=\"vc_custom_heading vc_gitem-post-data vc_gitem-post-data-source-post_excerpt\" ><p style=\"text-align: left\" ><p>Lors de l'organisation d'un \u00e9v\u00e9nement, la n\u00e9cessit\u00e9 d'\u00e9tablir une proc\u00e9dure de filtrage des participants est aussi importante que le choix de l'\u00e9v\u00e9nement.<\/p>\n<\/p><\/div><div class=\"vc_btn3-container vc_btn3-left\"><a class=\"vc_general vc_btn3 vc_btn3-size-md vc_btn3-shape-rounded vc_btn3-style-flat vc_btn3-color-juicy-pink\" a href=\"https:\/\/visiontecsystems.com\/fr\/5-factors-to-keep-in-mind-when-renting-security-equipment-for-public-events\/\" title=\"Lire plus\">Lire plus<\/a><\/div><\/div><\/div><\/div><\/div><\/div><div class=\"vc_clearfix\"><\/div><\/div><div class=\"vc_grid-item vc_clearfix vc_col-sm-4 vc_grid-item-zone-c-bottom\"><div class=\"vc_grid-item-mini vc_clearfix\"><div class=\"vc_gitem-animated-block\" \"><div class=\"vc_gitem-zone vc_gitem-zone-a vc-gitem-zone-height-mode-auto vc-gitem-zone-height-mode-auto-1-1 vc_gitem-is-link\" style=\"background-image: url('https:\/\/visiontecsystems.com\/wp-content\/uploads\/2015\/12\/shutterstock_1492868903-1024x682.jpg') !important;\"><a href=\"https:\/\/visiontecsystems.com\/fr\/shielding-the-seas-why-we-need-to-protect-naval-vessels-from-cbrn-threats\/\" title=\"Prot\u00e9ger les mers : pourquoi nous devons prot\u00e9ger les navires de guerre contre les menaces CBRN\" class=\"vc_gitem-link vc-zone-link\"><\/a><img decoding=\"async\" src=\"https:\/\/visiontecsystems.com\/wp-content\/uploads\/2015\/12\/shutterstock_1492868903-1024x682.jpg\" class=\"vc_gitem-zone-img\" alt=\"\"><div class=\"vc_gitem-zone-mini\"><\/div><\/div><\/div><div class=\"vc_gitem-zone vc_gitem-zone-c vc_custom_1419240516480\"><div class=\"vc_gitem-zone-mini\"><div class=\"vc_gitem_row vc_row vc_gitem-row-position-top\"><div class=\"vc_col-sm-12 vc_gitem-col vc_gitem-col-align-\"><div class=\"vc_custom_heading vc_gitem-post-data vc_gitem-post-data-source-post_title\" ><h4 style=\"text-align: left\" >Prot\u00e9ger les mers : pourquoi nous devons prot\u00e9ger les navires de guerre contre les menaces CBRN<\/h4><\/div><div class=\"vc_custom_heading vc_gitem-post-data vc_gitem-post-data-source-post_excerpt\" ><p style=\"text-align: left\" ><p>Dans le monde complexe d'aujourd'hui, les plateformes navales sont souvent d\u00e9ploy\u00e9es dans des environnements dangereux. On s'attend \u00e0 ce qu'elles soient confront\u00e9es \u00e0 des conditions m\u00e9t\u00e9orologiques d\u00e9favorables et \u00e0 des risques d'explosion.<\/p>\n<\/p><\/div><div class=\"vc_btn3-container vc_btn3-left\"><a class=\"vc_general vc_btn3 vc_btn3-size-md vc_btn3-shape-rounded vc_btn3-style-flat vc_btn3-color-juicy-pink\" a href=\"https:\/\/visiontecsystems.com\/fr\/shielding-the-seas-why-we-need-to-protect-naval-vessels-from-cbrn-threats\/\" title=\"Lire plus\">Lire plus<\/a><\/div><\/div><\/div><\/div><\/div><\/div><div class=\"vc_clearfix\"><\/div><\/div><\/div><\/div>\n\t<\/div>\n<\/div><!-- VC-GRID-FIXED --><\/div><\/div><\/div><\/div><div class=\"vc_row-full-width vc_clearfix\"><\/div>","protected":false},"excerpt":{"rendered":"<\/p>","protected":false},"author":1,"featured_media":1902,"parent":0,"menu_order":0,"comment_status":"closed","ping_status":"closed","template":"","meta":{"_acf_changed":false,"footnotes":""},"class_list":["post-3357","page","type-page","status-publish","has-post-thumbnail","hentry"],"acf":[],"yoast_head":"<!-- This site is optimized with the Yoast SEO plugin v27.3 - https:\/\/yoast.com\/product\/yoast-seo-wordpress\/ -->\n<title>Blog - Visiontec Systems<\/title>\n<meta name=\"robots\" content=\"index, follow, max-snippet:-1, max-image-preview:large, max-video-preview:-1\" \/>\n<link rel=\"canonical\" href=\"https:\/\/visiontecsystems.com\/fr\/blog\/\" \/>\n<meta property=\"og:locale\" content=\"fr_FR\" \/>\n<meta property=\"og:type\" content=\"article\" \/>\n<meta property=\"og:title\" content=\"Blog - Visiontec Systems\" \/>\n<meta property=\"og:url\" content=\"https:\/\/visiontecsystems.com\/fr\/blog\/\" \/>\n<meta property=\"og:site_name\" content=\"Visiontec Systems\" \/>\n<meta property=\"article:modified_time\" content=\"2023-12-19T11:57:07+00:00\" \/>\n<meta property=\"og:image\" content=\"https:\/\/visiontecsystems.com\/wp-content\/uploads\/2023\/05\/team-visiontec.jpg\" \/>\n\t<meta property=\"og:image:width\" content=\"1199\" \/>\n\t<meta property=\"og:image:height\" content=\"220\" \/>\n\t<meta property=\"og:image:type\" content=\"image\/jpeg\" \/>\n<meta name=\"twitter:card\" content=\"summary_large_image\" \/>\n<meta name=\"twitter:label1\" content=\"Dur\u00e9e de lecture estim\u00e9e\" \/>\n\t<meta name=\"twitter:data1\" content=\"1 minute\" \/>\n<script type=\"application\/ld+json\" class=\"yoast-schema-graph\">{\"@context\":\"https:\\\/\\\/schema.org\",\"@graph\":[{\"@type\":\"WebPage\",\"@id\":\"https:\\\/\\\/visiontecsystems.com\\\/blog\\\/\",\"url\":\"https:\\\/\\\/visiontecsystems.com\\\/blog\\\/\",\"name\":\"Blog - Visiontec Systems\",\"isPartOf\":{\"@id\":\"https:\\\/\\\/visiontecsystems.com\\\/#website\"},\"primaryImageOfPage\":{\"@id\":\"https:\\\/\\\/visiontecsystems.com\\\/blog\\\/#primaryimage\"},\"image\":{\"@id\":\"https:\\\/\\\/visiontecsystems.com\\\/blog\\\/#primaryimage\"},\"thumbnailUrl\":\"https:\\\/\\\/visiontecsystems.com\\\/wp-content\\\/uploads\\\/2023\\\/05\\\/team-visiontec.jpg\",\"datePublished\":\"2023-12-19T11:35:12+00:00\",\"dateModified\":\"2023-12-19T11:57:07+00:00\",\"breadcrumb\":{\"@id\":\"https:\\\/\\\/visiontecsystems.com\\\/blog\\\/#breadcrumb\"},\"inLanguage\":\"fr-FR\",\"potentialAction\":[{\"@type\":\"ReadAction\",\"target\":[\"https:\\\/\\\/visiontecsystems.com\\\/blog\\\/\"]}]},{\"@type\":\"ImageObject\",\"inLanguage\":\"fr-FR\",\"@id\":\"https:\\\/\\\/visiontecsystems.com\\\/blog\\\/#primaryimage\",\"url\":\"https:\\\/\\\/visiontecsystems.com\\\/wp-content\\\/uploads\\\/2023\\\/05\\\/team-visiontec.jpg\",\"contentUrl\":\"https:\\\/\\\/visiontecsystems.com\\\/wp-content\\\/uploads\\\/2023\\\/05\\\/team-visiontec.jpg\",\"width\":1199,\"height\":220},{\"@type\":\"BreadcrumbList\",\"@id\":\"https:\\\/\\\/visiontecsystems.com\\\/blog\\\/#breadcrumb\",\"itemListElement\":[{\"@type\":\"ListItem\",\"position\":1,\"name\":\"Home\",\"item\":\"https:\\\/\\\/visiontecsystems.com\\\/\"},{\"@type\":\"ListItem\",\"position\":2,\"name\":\"Blog\"}]},{\"@type\":\"WebSite\",\"@id\":\"https:\\\/\\\/visiontecsystems.com\\\/#website\",\"url\":\"https:\\\/\\\/visiontecsystems.com\\\/\",\"name\":\"Visiontec Systems\",\"description\":\"We Know Threat Detection\",\"publisher\":{\"@id\":\"https:\\\/\\\/visiontecsystems.com\\\/#organization\"},\"potentialAction\":[{\"@type\":\"SearchAction\",\"target\":{\"@type\":\"EntryPoint\",\"urlTemplate\":\"https:\\\/\\\/visiontecsystems.com\\\/?s={search_term_string}\"},\"query-input\":{\"@type\":\"PropertyValueSpecification\",\"valueRequired\":true,\"valueName\":\"search_term_string\"}}],\"inLanguage\":\"fr-FR\"},{\"@type\":\"Organization\",\"@id\":\"https:\\\/\\\/visiontecsystems.com\\\/#organization\",\"name\":\"Visiontec Systems\",\"url\":\"https:\\\/\\\/visiontecsystems.com\\\/\",\"logo\":{\"@type\":\"ImageObject\",\"inLanguage\":\"fr-FR\",\"@id\":\"https:\\\/\\\/visiontecsystems.com\\\/#\\\/schema\\\/logo\\\/image\\\/\",\"url\":\"https:\\\/\\\/visiontecsystems.com\\\/wp-content\\\/uploads\\\/2023\\\/05\\\/logo-1.png\",\"contentUrl\":\"https:\\\/\\\/visiontecsystems.com\\\/wp-content\\\/uploads\\\/2023\\\/05\\\/logo-1.png\",\"width\":500,\"height\":101,\"caption\":\"Visiontec Systems\"},\"image\":{\"@id\":\"https:\\\/\\\/visiontecsystems.com\\\/#\\\/schema\\\/logo\\\/image\\\/\"},\"sameAs\":[\"https:\\\/\\\/www.linkedin.com\\\/company\\\/5281189?trk=tyah&trkInfo=tarId1407863575909tasvisiontecsystemsidx1-1-1\"]}]}<\/script>\n<!-- \/ Yoast SEO plugin. -->","yoast_head_json":{"title":"Blog - Visiontec Systems","robots":{"index":"index","follow":"follow","max-snippet":"max-snippet:-1","max-image-preview":"max-image-preview:large","max-video-preview":"max-video-preview:-1"},"canonical":"https:\/\/visiontecsystems.com\/fr\/blog\/","og_locale":"fr_FR","og_type":"article","og_title":"Blog - Visiontec Systems","og_url":"https:\/\/visiontecsystems.com\/fr\/blog\/","og_site_name":"Visiontec Systems","article_modified_time":"2023-12-19T11:57:07+00:00","og_image":[{"width":1199,"height":220,"url":"https:\/\/visiontecsystems.com\/wp-content\/uploads\/2023\/05\/team-visiontec.jpg","type":"image\/jpeg"}],"twitter_card":"summary_large_image","twitter_misc":{"Dur\u00e9e de lecture estim\u00e9e":"1 minute"},"schema":{"@context":"https:\/\/schema.org","@graph":[{"@type":"WebPage","@id":"https:\/\/visiontecsystems.com\/blog\/","url":"https:\/\/visiontecsystems.com\/blog\/","name":"Blog - Visiontec Systems","isPartOf":{"@id":"https:\/\/visiontecsystems.com\/#website"},"primaryImageOfPage":{"@id":"https:\/\/visiontecsystems.com\/blog\/#primaryimage"},"image":{"@id":"https:\/\/visiontecsystems.com\/blog\/#primaryimage"},"thumbnailUrl":"https:\/\/visiontecsystems.com\/wp-content\/uploads\/2023\/05\/team-visiontec.jpg","datePublished":"2023-12-19T11:35:12+00:00","dateModified":"2023-12-19T11:57:07+00:00","breadcrumb":{"@id":"https:\/\/visiontecsystems.com\/blog\/#breadcrumb"},"inLanguage":"fr-FR","potentialAction":[{"@type":"ReadAction","target":["https:\/\/visiontecsystems.com\/blog\/"]}]},{"@type":"ImageObject","inLanguage":"fr-FR","@id":"https:\/\/visiontecsystems.com\/blog\/#primaryimage","url":"https:\/\/visiontecsystems.com\/wp-content\/uploads\/2023\/05\/team-visiontec.jpg","contentUrl":"https:\/\/visiontecsystems.com\/wp-content\/uploads\/2023\/05\/team-visiontec.jpg","width":1199,"height":220},{"@type":"BreadcrumbList","@id":"https:\/\/visiontecsystems.com\/blog\/#breadcrumb","itemListElement":[{"@type":"ListItem","position":1,"name":"Home","item":"https:\/\/visiontecsystems.com\/"},{"@type":"ListItem","position":2,"name":"Blog"}]},{"@type":"WebSite","@id":"https:\/\/visiontecsystems.com\/#website","url":"https:\/\/visiontecsystems.com\/","name":"Syst\u00e8mes Visiontec","description":"Nous connaissons la d\u00e9tection des menaces","publisher":{"@id":"https:\/\/visiontecsystems.com\/#organization"},"potentialAction":[{"@type":"SearchAction","target":{"@type":"EntryPoint","urlTemplate":"https:\/\/visiontecsystems.com\/?s={search_term_string}"},"query-input":{"@type":"PropertyValueSpecification","valueRequired":true,"valueName":"search_term_string"}}],"inLanguage":"fr-FR"},{"@type":"Organization","@id":"https:\/\/visiontecsystems.com\/#organization","name":"Syst\u00e8mes Visiontec","url":"https:\/\/visiontecsystems.com\/","logo":{"@type":"ImageObject","inLanguage":"fr-FR","@id":"https:\/\/visiontecsystems.com\/#\/schema\/logo\/image\/","url":"https:\/\/visiontecsystems.com\/wp-content\/uploads\/2023\/05\/logo-1.png","contentUrl":"https:\/\/visiontecsystems.com\/wp-content\/uploads\/2023\/05\/logo-1.png","width":500,"height":101,"caption":"Visiontec Systems"},"image":{"@id":"https:\/\/visiontecsystems.com\/#\/schema\/logo\/image\/"},"sameAs":["https:\/\/www.linkedin.com\/company\/5281189?trk=tyah&trkInfo=tarId1407863575909tasvisiontecsystemsidx1-1-1"]}]}},"_links":{"self":[{"href":"https:\/\/visiontecsystems.com\/fr\/wp-json\/wp\/v2\/pages\/3357","targetHints":{"allow":["GET"]}}],"collection":[{"href":"https:\/\/visiontecsystems.com\/fr\/wp-json\/wp\/v2\/pages"}],"about":[{"href":"https:\/\/visiontecsystems.com\/fr\/wp-json\/wp\/v2\/types\/page"}],"author":[{"embeddable":true,"href":"https:\/\/visiontecsystems.com\/fr\/wp-json\/wp\/v2\/users\/1"}],"replies":[{"embeddable":true,"href":"https:\/\/visiontecsystems.com\/fr\/wp-json\/wp\/v2\/comments?post=3357"}],"version-history":[{"count":5,"href":"https:\/\/visiontecsystems.com\/fr\/wp-json\/wp\/v2\/pages\/3357\/revisions"}],"predecessor-version":[{"id":3364,"href":"https:\/\/visiontecsystems.com\/fr\/wp-json\/wp\/v2\/pages\/3357\/revisions\/3364"}],"wp:featuredmedia":[{"embeddable":true,"href":"https:\/\/visiontecsystems.com\/fr\/wp-json\/wp\/v2\/media\/1902"}],"wp:attachment":[{"href":"https:\/\/visiontecsystems.com\/fr\/wp-json\/wp\/v2\/media?parent=3357"}],"curies":[{"name":"wp","href":"https:\/\/api.w.org\/{rel}","templated":true}]}}