{"id":2862,"date":"2023-08-16T10:37:25","date_gmt":"2023-08-16T10:37:25","guid":{"rendered":"https:\/\/visiontecsystems.com\/?post_type=product&#038;p=2862"},"modified":"2023-11-23T11:26:19","modified_gmt":"2023-11-23T11:26:19","slug":"faucon","status":"publish","type":"product","link":"https:\/\/visiontecsystems.com\/fr\/product\/falcon\/","title":{"rendered":"Faucon"},"content":{"rendered":"","protected":false},"excerpt":{"rendered":"<p>Le Falcon est une combinaison CBRNE monopi\u00e8ce tr\u00e8s confortable et tr\u00e8s protectrice, compos\u00e9e d'une doublure l\u00e9g\u00e8re en charbon actif, combin\u00e9e \u00e0 un ext\u00e9rieur robuste et antiglisse. Plus l\u00e9g\u00e8re que les syst\u00e8mes conventionnels, elle...<\/p>","protected":false},"featured_media":3347,"template":"","meta":{"_acf_changed":false},"product_brand":[],"product_cat":[52],"product_tag":[],"class_list":{"0":"post-2862","1":"product","2":"type-product","3":"status-publish","4":"has-post-thumbnail","6":"product_cat-first-responder-equipment","8":"first","9":"instock","10":"shipping-taxable","11":"product-type-simple"},"acf":[],"yoast_head":"<!-- This site is optimized with the Yoast SEO plugin v27.3 - https:\/\/yoast.com\/product\/yoast-seo-wordpress\/ -->\n<title>Falcon - Visiontec Systems<\/title>\n<meta name=\"robots\" content=\"index, follow, max-snippet:-1, max-image-preview:large, max-video-preview:-1\" \/>\n<link rel=\"canonical\" href=\"https:\/\/visiontecsystems.com\/fr\/produit\/faucon\/\" \/>\n<meta property=\"og:locale\" content=\"fr_FR\" \/>\n<meta property=\"og:type\" content=\"article\" \/>\n<meta property=\"og:title\" content=\"Falcon - Visiontec Systems\" \/>\n<meta property=\"og:description\" content=\"The Falcon is a very comfortable and highly protective one-piece CBRNE over-suit constructed using a lightweight activated carbon liner, combine with a rugged and anti-rip exterior. Lighter than conventional systems, it provides...\" \/>\n<meta property=\"og:url\" content=\"https:\/\/visiontecsystems.com\/fr\/produit\/faucon\/\" \/>\n<meta property=\"og:site_name\" content=\"Visiontec Systems\" \/>\n<meta property=\"article:modified_time\" content=\"2023-11-23T11:26:19+00:00\" \/>\n<meta property=\"og:image\" content=\"https:\/\/visiontecsystems.com\/wp-content\/uploads\/2023\/11\/1000026838.jpg\" \/>\n\t<meta property=\"og:image:width\" content=\"620\" \/>\n\t<meta property=\"og:image:height\" content=\"620\" \/>\n\t<meta property=\"og:image:type\" content=\"image\/jpeg\" \/>\n<meta name=\"twitter:card\" content=\"summary_large_image\" \/>\n<script type=\"application\/ld+json\" class=\"yoast-schema-graph\">{\"@context\":\"https:\\\/\\\/schema.org\",\"@graph\":[{\"@type\":\"WebPage\",\"@id\":\"https:\\\/\\\/visiontecsystems.com\\\/product\\\/falcon\\\/\",\"url\":\"https:\\\/\\\/visiontecsystems.com\\\/product\\\/falcon\\\/\",\"name\":\"Falcon - Visiontec Systems\",\"isPartOf\":{\"@id\":\"https:\\\/\\\/visiontecsystems.com\\\/#website\"},\"primaryImageOfPage\":{\"@id\":\"https:\\\/\\\/visiontecsystems.com\\\/product\\\/falcon\\\/#primaryimage\"},\"image\":{\"@id\":\"https:\\\/\\\/visiontecsystems.com\\\/product\\\/falcon\\\/#primaryimage\"},\"thumbnailUrl\":\"https:\\\/\\\/visiontecsystems.com\\\/wp-content\\\/uploads\\\/2023\\\/11\\\/1000026838.jpg\",\"datePublished\":\"2023-08-16T10:37:25+00:00\",\"dateModified\":\"2023-11-23T11:26:19+00:00\",\"breadcrumb\":{\"@id\":\"https:\\\/\\\/visiontecsystems.com\\\/product\\\/falcon\\\/#breadcrumb\"},\"inLanguage\":\"fr-FR\",\"potentialAction\":[{\"@type\":\"ReadAction\",\"target\":[\"https:\\\/\\\/visiontecsystems.com\\\/product\\\/falcon\\\/\"]}]},{\"@type\":\"ImageObject\",\"inLanguage\":\"fr-FR\",\"@id\":\"https:\\\/\\\/visiontecsystems.com\\\/product\\\/falcon\\\/#primaryimage\",\"url\":\"https:\\\/\\\/visiontecsystems.com\\\/wp-content\\\/uploads\\\/2023\\\/11\\\/1000026838.jpg\",\"contentUrl\":\"https:\\\/\\\/visiontecsystems.com\\\/wp-content\\\/uploads\\\/2023\\\/11\\\/1000026838.jpg\",\"width\":620,\"height\":620},{\"@type\":\"BreadcrumbList\",\"@id\":\"https:\\\/\\\/visiontecsystems.com\\\/product\\\/falcon\\\/#breadcrumb\",\"itemListElement\":[{\"@type\":\"ListItem\",\"position\":1,\"name\":\"Home\",\"item\":\"https:\\\/\\\/visiontecsystems.com\\\/\"},{\"@type\":\"ListItem\",\"position\":2,\"name\":\"Shop\",\"item\":\"https:\\\/\\\/visiontecsystems.com\\\/shop\\\/\"},{\"@type\":\"ListItem\",\"position\":3,\"name\":\"Falcon\"}]},{\"@type\":\"WebSite\",\"@id\":\"https:\\\/\\\/visiontecsystems.com\\\/#website\",\"url\":\"https:\\\/\\\/visiontecsystems.com\\\/\",\"name\":\"Visiontec Systems\",\"description\":\"We Know Threat Detection\",\"publisher\":{\"@id\":\"https:\\\/\\\/visiontecsystems.com\\\/#organization\"},\"potentialAction\":[{\"@type\":\"SearchAction\",\"target\":{\"@type\":\"EntryPoint\",\"urlTemplate\":\"https:\\\/\\\/visiontecsystems.com\\\/?s={search_term_string}\"},\"query-input\":{\"@type\":\"PropertyValueSpecification\",\"valueRequired\":true,\"valueName\":\"search_term_string\"}}],\"inLanguage\":\"fr-FR\"},{\"@type\":\"Organization\",\"@id\":\"https:\\\/\\\/visiontecsystems.com\\\/#organization\",\"name\":\"Visiontec Systems\",\"url\":\"https:\\\/\\\/visiontecsystems.com\\\/\",\"logo\":{\"@type\":\"ImageObject\",\"inLanguage\":\"fr-FR\",\"@id\":\"https:\\\/\\\/visiontecsystems.com\\\/#\\\/schema\\\/logo\\\/image\\\/\",\"url\":\"https:\\\/\\\/visiontecsystems.com\\\/wp-content\\\/uploads\\\/2023\\\/05\\\/logo-1.png\",\"contentUrl\":\"https:\\\/\\\/visiontecsystems.com\\\/wp-content\\\/uploads\\\/2023\\\/05\\\/logo-1.png\",\"width\":500,\"height\":101,\"caption\":\"Visiontec Systems\"},\"image\":{\"@id\":\"https:\\\/\\\/visiontecsystems.com\\\/#\\\/schema\\\/logo\\\/image\\\/\"},\"sameAs\":[\"https:\\\/\\\/www.linkedin.com\\\/company\\\/5281189?trk=tyah&trkInfo=tarId1407863575909tasvisiontecsystemsidx1-1-1\"]}]}<\/script>\n<!-- \/ Yoast SEO plugin. -->","yoast_head_json":{"title":"Faucon - Visiontec Systems","robots":{"index":"index","follow":"follow","max-snippet":"max-snippet:-1","max-image-preview":"max-image-preview:large","max-video-preview":"max-video-preview:-1"},"canonical":"https:\/\/visiontecsystems.com\/fr\/produit\/faucon\/","og_locale":"fr_FR","og_type":"article","og_title":"Falcon - Visiontec Systems","og_description":"The Falcon is a very comfortable and highly protective one-piece CBRNE over-suit constructed using a lightweight activated carbon liner, combine with a rugged and anti-rip exterior. Lighter than conventional systems, it provides...","og_url":"https:\/\/visiontecsystems.com\/fr\/produit\/faucon\/","og_site_name":"Visiontec Systems","article_modified_time":"2023-11-23T11:26:19+00:00","og_image":[{"width":620,"height":620,"url":"https:\/\/visiontecsystems.com\/wp-content\/uploads\/2023\/11\/1000026838.jpg","type":"image\/jpeg"}],"twitter_card":"summary_large_image","schema":{"@context":"https:\/\/schema.org","@graph":[{"@type":"WebPage","@id":"https:\/\/visiontecsystems.com\/product\/falcon\/","url":"https:\/\/visiontecsystems.com\/product\/falcon\/","name":"Faucon - Visiontec Systems","isPartOf":{"@id":"https:\/\/visiontecsystems.com\/#website"},"primaryImageOfPage":{"@id":"https:\/\/visiontecsystems.com\/product\/falcon\/#primaryimage"},"image":{"@id":"https:\/\/visiontecsystems.com\/product\/falcon\/#primaryimage"},"thumbnailUrl":"https:\/\/visiontecsystems.com\/wp-content\/uploads\/2023\/11\/1000026838.jpg","datePublished":"2023-08-16T10:37:25+00:00","dateModified":"2023-11-23T11:26:19+00:00","breadcrumb":{"@id":"https:\/\/visiontecsystems.com\/product\/falcon\/#breadcrumb"},"inLanguage":"fr-FR","potentialAction":[{"@type":"ReadAction","target":["https:\/\/visiontecsystems.com\/product\/falcon\/"]}]},{"@type":"ImageObject","inLanguage":"fr-FR","@id":"https:\/\/visiontecsystems.com\/product\/falcon\/#primaryimage","url":"https:\/\/visiontecsystems.com\/wp-content\/uploads\/2023\/11\/1000026838.jpg","contentUrl":"https:\/\/visiontecsystems.com\/wp-content\/uploads\/2023\/11\/1000026838.jpg","width":620,"height":620},{"@type":"BreadcrumbList","@id":"https:\/\/visiontecsystems.com\/product\/falcon\/#breadcrumb","itemListElement":[{"@type":"ListItem","position":1,"name":"Home","item":"https:\/\/visiontecsystems.com\/"},{"@type":"ListItem","position":2,"name":"Shop","item":"https:\/\/visiontecsystems.com\/shop\/"},{"@type":"ListItem","position":3,"name":"Falcon"}]},{"@type":"WebSite","@id":"https:\/\/visiontecsystems.com\/#website","url":"https:\/\/visiontecsystems.com\/","name":"Syst\u00e8mes Visiontec","description":"Nous connaissons la d\u00e9tection des menaces","publisher":{"@id":"https:\/\/visiontecsystems.com\/#organization"},"potentialAction":[{"@type":"SearchAction","target":{"@type":"EntryPoint","urlTemplate":"https:\/\/visiontecsystems.com\/?s={search_term_string}"},"query-input":{"@type":"PropertyValueSpecification","valueRequired":true,"valueName":"search_term_string"}}],"inLanguage":"fr-FR"},{"@type":"Organization","@id":"https:\/\/visiontecsystems.com\/#organization","name":"Syst\u00e8mes Visiontec","url":"https:\/\/visiontecsystems.com\/","logo":{"@type":"ImageObject","inLanguage":"fr-FR","@id":"https:\/\/visiontecsystems.com\/#\/schema\/logo\/image\/","url":"https:\/\/visiontecsystems.com\/wp-content\/uploads\/2023\/05\/logo-1.png","contentUrl":"https:\/\/visiontecsystems.com\/wp-content\/uploads\/2023\/05\/logo-1.png","width":500,"height":101,"caption":"Visiontec Systems"},"image":{"@id":"https:\/\/visiontecsystems.com\/#\/schema\/logo\/image\/"},"sameAs":["https:\/\/www.linkedin.com\/company\/5281189?trk=tyah&trkInfo=tarId1407863575909tasvisiontecsystemsidx1-1-1"]}]}},"_links":{"self":[{"href":"https:\/\/visiontecsystems.com\/fr\/wp-json\/wp\/v2\/product\/2862","targetHints":{"allow":["GET"]}}],"collection":[{"href":"https:\/\/visiontecsystems.com\/fr\/wp-json\/wp\/v2\/product"}],"about":[{"href":"https:\/\/visiontecsystems.com\/fr\/wp-json\/wp\/v2\/types\/product"}],"wp:featuredmedia":[{"embeddable":true,"href":"https:\/\/visiontecsystems.com\/fr\/wp-json\/wp\/v2\/media\/3347"}],"wp:attachment":[{"href":"https:\/\/visiontecsystems.com\/fr\/wp-json\/wp\/v2\/media?parent=2862"}],"wp:term":[{"taxonomy":"product_brand","embeddable":true,"href":"https:\/\/visiontecsystems.com\/fr\/wp-json\/wp\/v2\/product_brand?post=2862"},{"taxonomy":"product_cat","embeddable":true,"href":"https:\/\/visiontecsystems.com\/fr\/wp-json\/wp\/v2\/product_cat?post=2862"},{"taxonomy":"product_tag","embeddable":true,"href":"https:\/\/visiontecsystems.com\/fr\/wp-json\/wp\/v2\/product_tag?post=2862"}],"curies":[{"name":"wp","href":"https:\/\/api.w.org\/{rel}","templated":true}]}}