{"id":3500,"date":"2026-04-02T11:45:15","date_gmt":"2026-04-02T11:45:15","guid":{"rendered":"https:\/\/visiontecsystems.com\/?post_type=product&#038;p=3500"},"modified":"2026-04-10T21:18:59","modified_gmt":"2026-04-10T21:18:59","slug":"vipir","status":"publish","type":"product","link":"https:\/\/visiontecsystems.com\/fr\/product\/vipir\/","title":{"rendered":"VipIR"},"content":{"rendered":"<p>Red\u00e9finissez l'analyse chimique rapide avec la technologie Smart Spectral Processing (SSP), int\u00e9grant parfaitement la spectroscopie Raman et FTIR<strong>\u00a0<\/strong>dans un flux de travail unique et intuitif. \u00c9liminez la prise de d\u00e9cision quant \u00e0 la technologie la mieux adapt\u00e9e \u00e0 votre analyse chimique et obtenez un r\u00e9sultat unique et fiable avec un seul \u00e9chantillon. Rationalisez votre analyse de donn\u00e9es et votre parc d'appareils avec notre application Team Leader pour une connectivit\u00e9 \u00e0 distance int\u00e9gr\u00e9e, o\u00f9 que vous en ayez besoin.<\/p>","protected":false},"excerpt":{"rendered":"<p>Red\u00e9finissez l'analyse chimique rapide avec la technologie Smart Spectral Processing (SSP), int\u00e9grant de mani\u00e8re transparente la spectroscopie Raman et FTIR dans un flux de travail unique et intuitif. \u00c9liminez<\/p>","protected":false},"featured_media":3490,"template":"","meta":{"_acf_changed":false},"product_brand":[],"product_cat":[56],"product_tag":[],"class_list":{"0":"post-3500","1":"product","2":"type-product","3":"status-publish","4":"has-post-thumbnail","6":"product_cat-chemical-detection-identification","8":"first","9":"instock","10":"shipping-taxable","11":"product-type-simple"},"acf":[],"yoast_head":"<!-- This site is optimized with the Yoast SEO plugin v27.3 - https:\/\/yoast.com\/product\/yoast-seo-wordpress\/ -->\n<title>VipIR - Visiontec Systems<\/title>\n<meta name=\"robots\" content=\"index, follow, max-snippet:-1, max-image-preview:large, max-video-preview:-1\" \/>\n<link rel=\"canonical\" href=\"https:\/\/visiontecsystems.com\/fr\/produit\/vipir\/\" \/>\n<meta property=\"og:locale\" content=\"fr_FR\" \/>\n<meta property=\"og:type\" content=\"article\" \/>\n<meta property=\"og:title\" content=\"VipIR - Visiontec Systems\" \/>\n<meta property=\"og:description\" content=\"Redefine rapid chemical analysis with Smart Spectral Processing (SSP) technology, seamlessly integrating\u00a0Raman spectroscopy and FTIR\u00a0into a single, intuitive workflow. Eliminate\" \/>\n<meta property=\"og:url\" content=\"https:\/\/visiontecsystems.com\/fr\/produit\/vipir\/\" \/>\n<meta property=\"og:site_name\" content=\"Visiontec Systems\" \/>\n<meta property=\"article:modified_time\" content=\"2026-04-10T21:18:59+00:00\" \/>\n<meta property=\"og:image\" content=\"https:\/\/visiontecsystems.com\/wp-content\/uploads\/2026\/04\/VipIR-product-shot.png\" \/>\n\t<meta property=\"og:image:width\" content=\"2048\" \/>\n\t<meta property=\"og:image:height\" content=\"1365\" \/>\n\t<meta property=\"og:image:type\" content=\"image\/png\" \/>\n<meta name=\"twitter:card\" content=\"summary_large_image\" \/>\n<meta name=\"twitter:label1\" content=\"Dur\u00e9e de lecture estim\u00e9e\" \/>\n\t<meta name=\"twitter:data1\" content=\"1 minute\" \/>\n<script type=\"application\/ld+json\" class=\"yoast-schema-graph\">{\"@context\":\"https:\\\/\\\/schema.org\",\"@graph\":[{\"@type\":\"WebPage\",\"@id\":\"https:\\\/\\\/visiontecsystems.com\\\/product\\\/vipir\\\/\",\"url\":\"https:\\\/\\\/visiontecsystems.com\\\/product\\\/vipir\\\/\",\"name\":\"VipIR - Visiontec Systems\",\"isPartOf\":{\"@id\":\"https:\\\/\\\/visiontecsystems.com\\\/#website\"},\"primaryImageOfPage\":{\"@id\":\"https:\\\/\\\/visiontecsystems.com\\\/product\\\/vipir\\\/#primaryimage\"},\"image\":{\"@id\":\"https:\\\/\\\/visiontecsystems.com\\\/product\\\/vipir\\\/#primaryimage\"},\"thumbnailUrl\":\"https:\\\/\\\/visiontecsystems.com\\\/wp-content\\\/uploads\\\/2026\\\/04\\\/VipIR-product-shot.png\",\"datePublished\":\"2026-04-02T11:45:15+00:00\",\"dateModified\":\"2026-04-10T21:18:59+00:00\",\"breadcrumb\":{\"@id\":\"https:\\\/\\\/visiontecsystems.com\\\/product\\\/vipir\\\/#breadcrumb\"},\"inLanguage\":\"fr-FR\",\"potentialAction\":[{\"@type\":\"ReadAction\",\"target\":[\"https:\\\/\\\/visiontecsystems.com\\\/product\\\/vipir\\\/\"]}]},{\"@type\":\"ImageObject\",\"inLanguage\":\"fr-FR\",\"@id\":\"https:\\\/\\\/visiontecsystems.com\\\/product\\\/vipir\\\/#primaryimage\",\"url\":\"https:\\\/\\\/visiontecsystems.com\\\/wp-content\\\/uploads\\\/2026\\\/04\\\/VipIR-product-shot.png\",\"contentUrl\":\"https:\\\/\\\/visiontecsystems.com\\\/wp-content\\\/uploads\\\/2026\\\/04\\\/VipIR-product-shot.png\",\"width\":2048,\"height\":1365},{\"@type\":\"BreadcrumbList\",\"@id\":\"https:\\\/\\\/visiontecsystems.com\\\/product\\\/vipir\\\/#breadcrumb\",\"itemListElement\":[{\"@type\":\"ListItem\",\"position\":1,\"name\":\"Home\",\"item\":\"https:\\\/\\\/visiontecsystems.com\\\/\"},{\"@type\":\"ListItem\",\"position\":2,\"name\":\"Shop\",\"item\":\"https:\\\/\\\/visiontecsystems.com\\\/shop\\\/\"},{\"@type\":\"ListItem\",\"position\":3,\"name\":\"VipIR\"}]},{\"@type\":\"WebSite\",\"@id\":\"https:\\\/\\\/visiontecsystems.com\\\/#website\",\"url\":\"https:\\\/\\\/visiontecsystems.com\\\/\",\"name\":\"Visiontec Systems\",\"description\":\"We Know Threat Detection\",\"publisher\":{\"@id\":\"https:\\\/\\\/visiontecsystems.com\\\/#organization\"},\"potentialAction\":[{\"@type\":\"SearchAction\",\"target\":{\"@type\":\"EntryPoint\",\"urlTemplate\":\"https:\\\/\\\/visiontecsystems.com\\\/?s={search_term_string}\"},\"query-input\":{\"@type\":\"PropertyValueSpecification\",\"valueRequired\":true,\"valueName\":\"search_term_string\"}}],\"inLanguage\":\"fr-FR\"},{\"@type\":\"Organization\",\"@id\":\"https:\\\/\\\/visiontecsystems.com\\\/#organization\",\"name\":\"Visiontec Systems\",\"url\":\"https:\\\/\\\/visiontecsystems.com\\\/\",\"logo\":{\"@type\":\"ImageObject\",\"inLanguage\":\"fr-FR\",\"@id\":\"https:\\\/\\\/visiontecsystems.com\\\/#\\\/schema\\\/logo\\\/image\\\/\",\"url\":\"https:\\\/\\\/visiontecsystems.com\\\/wp-content\\\/uploads\\\/2023\\\/05\\\/logo-1.png\",\"contentUrl\":\"https:\\\/\\\/visiontecsystems.com\\\/wp-content\\\/uploads\\\/2023\\\/05\\\/logo-1.png\",\"width\":500,\"height\":101,\"caption\":\"Visiontec Systems\"},\"image\":{\"@id\":\"https:\\\/\\\/visiontecsystems.com\\\/#\\\/schema\\\/logo\\\/image\\\/\"},\"sameAs\":[\"https:\\\/\\\/www.linkedin.com\\\/company\\\/5281189?trk=tyah&trkInfo=tarId1407863575909tasvisiontecsystemsidx1-1-1\"]}]}<\/script>\n<!-- \/ Yoast SEO plugin. -->","yoast_head_json":{"title":"VipIR - Visiontec Systems","robots":{"index":"index","follow":"follow","max-snippet":"max-snippet:-1","max-image-preview":"max-image-preview:large","max-video-preview":"max-video-preview:-1"},"canonical":"https:\/\/visiontecsystems.com\/fr\/produit\/vipir\/","og_locale":"fr_FR","og_type":"article","og_title":"VipIR - Visiontec Systems","og_description":"Redefine rapid chemical analysis with Smart Spectral Processing (SSP) technology, seamlessly integrating\u00a0Raman spectroscopy and FTIR\u00a0into a single, intuitive workflow. Eliminate","og_url":"https:\/\/visiontecsystems.com\/fr\/produit\/vipir\/","og_site_name":"Visiontec Systems","article_modified_time":"2026-04-10T21:18:59+00:00","og_image":[{"width":2048,"height":1365,"url":"https:\/\/visiontecsystems.com\/wp-content\/uploads\/2026\/04\/VipIR-product-shot.png","type":"image\/png"}],"twitter_card":"summary_large_image","twitter_misc":{"Dur\u00e9e de lecture estim\u00e9e":"1 minute"},"schema":{"@context":"https:\/\/schema.org","@graph":[{"@type":"WebPage","@id":"https:\/\/visiontecsystems.com\/product\/vipir\/","url":"https:\/\/visiontecsystems.com\/product\/vipir\/","name":"VipIR - Visiontec Systems","isPartOf":{"@id":"https:\/\/visiontecsystems.com\/#website"},"primaryImageOfPage":{"@id":"https:\/\/visiontecsystems.com\/product\/vipir\/#primaryimage"},"image":{"@id":"https:\/\/visiontecsystems.com\/product\/vipir\/#primaryimage"},"thumbnailUrl":"https:\/\/visiontecsystems.com\/wp-content\/uploads\/2026\/04\/VipIR-product-shot.png","datePublished":"2026-04-02T11:45:15+00:00","dateModified":"2026-04-10T21:18:59+00:00","breadcrumb":{"@id":"https:\/\/visiontecsystems.com\/product\/vipir\/#breadcrumb"},"inLanguage":"fr-FR","potentialAction":[{"@type":"ReadAction","target":["https:\/\/visiontecsystems.com\/product\/vipir\/"]}]},{"@type":"ImageObject","inLanguage":"fr-FR","@id":"https:\/\/visiontecsystems.com\/product\/vipir\/#primaryimage","url":"https:\/\/visiontecsystems.com\/wp-content\/uploads\/2026\/04\/VipIR-product-shot.png","contentUrl":"https:\/\/visiontecsystems.com\/wp-content\/uploads\/2026\/04\/VipIR-product-shot.png","width":2048,"height":1365},{"@type":"BreadcrumbList","@id":"https:\/\/visiontecsystems.com\/product\/vipir\/#breadcrumb","itemListElement":[{"@type":"ListItem","position":1,"name":"Home","item":"https:\/\/visiontecsystems.com\/"},{"@type":"ListItem","position":2,"name":"Shop","item":"https:\/\/visiontecsystems.com\/shop\/"},{"@type":"ListItem","position":3,"name":"VipIR"}]},{"@type":"WebSite","@id":"https:\/\/visiontecsystems.com\/#website","url":"https:\/\/visiontecsystems.com\/","name":"Syst\u00e8mes Visiontec","description":"Nous connaissons la d\u00e9tection des menaces","publisher":{"@id":"https:\/\/visiontecsystems.com\/#organization"},"potentialAction":[{"@type":"SearchAction","target":{"@type":"EntryPoint","urlTemplate":"https:\/\/visiontecsystems.com\/?s={search_term_string}"},"query-input":{"@type":"PropertyValueSpecification","valueRequired":true,"valueName":"search_term_string"}}],"inLanguage":"fr-FR"},{"@type":"Organization","@id":"https:\/\/visiontecsystems.com\/#organization","name":"Syst\u00e8mes Visiontec","url":"https:\/\/visiontecsystems.com\/","logo":{"@type":"ImageObject","inLanguage":"fr-FR","@id":"https:\/\/visiontecsystems.com\/#\/schema\/logo\/image\/","url":"https:\/\/visiontecsystems.com\/wp-content\/uploads\/2023\/05\/logo-1.png","contentUrl":"https:\/\/visiontecsystems.com\/wp-content\/uploads\/2023\/05\/logo-1.png","width":500,"height":101,"caption":"Visiontec Systems"},"image":{"@id":"https:\/\/visiontecsystems.com\/#\/schema\/logo\/image\/"},"sameAs":["https:\/\/www.linkedin.com\/company\/5281189?trk=tyah&trkInfo=tarId1407863575909tasvisiontecsystemsidx1-1-1"]}]}},"_links":{"self":[{"href":"https:\/\/visiontecsystems.com\/fr\/wp-json\/wp\/v2\/product\/3500","targetHints":{"allow":["GET"]}}],"collection":[{"href":"https:\/\/visiontecsystems.com\/fr\/wp-json\/wp\/v2\/product"}],"about":[{"href":"https:\/\/visiontecsystems.com\/fr\/wp-json\/wp\/v2\/types\/product"}],"wp:featuredmedia":[{"embeddable":true,"href":"https:\/\/visiontecsystems.com\/fr\/wp-json\/wp\/v2\/media\/3490"}],"wp:attachment":[{"href":"https:\/\/visiontecsystems.com\/fr\/wp-json\/wp\/v2\/media?parent=3500"}],"wp:term":[{"taxonomy":"product_brand","embeddable":true,"href":"https:\/\/visiontecsystems.com\/fr\/wp-json\/wp\/v2\/product_brand?post=3500"},{"taxonomy":"product_cat","embeddable":true,"href":"https:\/\/visiontecsystems.com\/fr\/wp-json\/wp\/v2\/product_cat?post=3500"},{"taxonomy":"product_tag","embeddable":true,"href":"https:\/\/visiontecsystems.com\/fr\/wp-json\/wp\/v2\/product_tag?post=3500"}],"curies":[{"name":"wp","href":"https:\/\/api.w.org\/{rel}","templated":true}]}}